{"id":409,"date":"2017-11-13T12:06:41","date_gmt":"2017-11-13T11:06:41","guid":{"rendered":"http:\/\/www.nuovatransports.eu\/home\/"},"modified":"2017-12-04T12:55:05","modified_gmt":"2017-12-04T11:55:05","slug":"home","status":"publish","type":"page","link":"https:\/\/www.nuovatransports.eu\/fr\/","title":{"rendered":"Home"},"content":{"rendered":"<div class=\"wpb-content-wrapper\"><p>[vc_row full_width=\u00a0\u00bbstretch_row_content_no_spaces\u00a0\u00bb][vc_column]\n\t\t\t<!-- START Home EN REVOLUTION SLIDER 6.7.20 --><p class=\"rs-p-wp-fix\"><\/p>\n\t\t\t<rs-module-wrap id=\"rev_slider_4_1_wrapper\" data-source=\"gallery\" style=\"visibility:hidden;background:transparent;padding:0;margin:0px auto;margin-top:0;margin-bottom:0;\">\n\t\t\t\t<rs-module id=\"rev_slider_4_1\" style=\"\" data-version=\"6.7.20\">\n\t\t\t\t\t<rs-slides style=\"overflow: hidden; position: absolute;\">\n\t\t\t\t\t\t<rs-slide style=\"position: absolute;\" data-key=\"rs-10\" data-title=\"Slide\" data-thumb=\"\/public\/uploads\/revslider\/home-en\/slide-1-100x50.jpg\" data-duration=\"7000\" data-anim=\"adpr:false;\">\n\t\t\t\t\t\t\t<img decoding=\"async\" src=\"\/\/www.nuovatransports.eu\/public\/plugins\/revslider\/sr6\/assets\/assets\/dummy.png\" alt=\"\" title=\"Home\" class=\"rev-slidebg tp-rs-img rs-lazyload\" data-lazyload=\"\/public\/uploads\/revslider\/home-en\/slide-1.jpg\" data-no-retina>\n<!--\n\t\t\t\t\t\t\t--><rs-layer\n\t\t\t\t\t\t\t\tid=\"slider-4-slide-10-layer-1\" \n\t\t\t\t\t\t\t\tdata-type=\"text\"\n\t\t\t\t\t\t\t\tdata-color=\"#113e58\"\n\t\t\t\t\t\t\t\tdata-rsp_ch=\"on\"\n\t\t\t\t\t\t\t\tdata-xy=\"x:736px;y:72px;\"\n\t\t\t\t\t\t\t\tdata-text=\"s:63;l:22;a:inherit;\"\n\t\t\t\t\t\t\t\tdata-dim=\"w:479px;h:53px;\"\n\t\t\t\t\t\t\t\tdata-frame_0=\"tp:600;\"\n\t\t\t\t\t\t\t\tdata-frame_1=\"tp:600;e:power4.inOut;st:730;sp:810;sR:730;\"\n\t\t\t\t\t\t\t\tdata-frame_999=\"o:0;tp:600;st:w;sR:5460;\"\n\t\t\t\t\t\t\t\tstyle=\"z-index:5;font-family:'Open Sans';\"\n\t\t\t\t\t\t\t>FAST & SURE! \n\t\t\t\t\t\t\t<\/rs-layer><!--\n\n\t\t\t\t\t\t\t--><rs-layer\n\t\t\t\t\t\t\t\tid=\"slider-4-slide-10-layer-3\" \n\t\t\t\t\t\t\t\tdata-type=\"text\"\n\t\t\t\t\t\t\t\tdata-color=\"#113e58\"\n\t\t\t\t\t\t\t\tdata-rsp_ch=\"on\"\n\t\t\t\t\t\t\t\tdata-xy=\"x:740px;y:121px;\"\n\t\t\t\t\t\t\t\tdata-text=\"s:28;l:30;a:inherit;\"\n\t\t\t\t\t\t\t\tdata-frame_0=\"tp:600;\"\n\t\t\t\t\t\t\t\tdata-frame_1=\"tp:600;st:1490;sp:710;sR:1490;\"\n\t\t\t\t\t\t\t\tdata-frame_999=\"o:0;tp:600;st:w;sR:4800;\"\n\t\t\t\t\t\t\t\tstyle=\"z-index:6;font-family:'Open Sans';\"\n\t\t\t\t\t\t\t>If you want reliability and speed <br>Nuova Transports is the answer.  \n\t\t\t\t\t\t\t<\/rs-layer><!--\n-->\t\t\t\t\t<\/rs-slide>\n\t\t\t\t\t\t<rs-slide style=\"position: absolute;\" data-key=\"rs-11\" data-title=\"Slide\" data-thumb=\"\/public\/uploads\/revslider\/home-en\/slide-2-2-100x50.jpg\" data-duration=\"7000\" data-anim=\"adpr:false;\" data-in=\"o:0;\" data-out=\"a:false;\">\n\t\t\t\t\t\t\t<img decoding=\"async\" src=\"\/\/www.nuovatransports.eu\/public\/plugins\/revslider\/sr6\/assets\/assets\/dummy.png\" alt=\"\" title=\"Home\" class=\"rev-slidebg tp-rs-img rs-lazyload\" data-lazyload=\"\/public\/uploads\/revslider\/home-en\/slide-2-2.jpg\" data-no-retina>\n<!--\n\t\t\t\t\t\t\t--><rs-layer\n\t\t\t\t\t\t\t\tid=\"slider-4-slide-11-layer-1\" \n\t\t\t\t\t\t\t\tdata-type=\"text\"\n\t\t\t\t\t\t\t\tdata-color=\"#113e58\"\n\t\t\t\t\t\t\t\tdata-rsp_ch=\"on\"\n\t\t\t\t\t\t\t\tdata-xy=\"x:306px;y:74px;\"\n\t\t\t\t\t\t\t\tdata-text=\"s:52;l:57;a:inherit;\"\n\t\t\t\t\t\t\t\tdata-dim=\"w:479px;h:53px;\"\n\t\t\t\t\t\t\t\tdata-frame_1=\"st:940;sp:700;sR:940;\"\n\t\t\t\t\t\t\t\tdata-frame_999=\"o:0;st:w;sR:5360;\"\n\t\t\t\t\t\t\t\tstyle=\"z-index:5;font-family:'Open Sans';\"\n\t\t\t\t\t\t\t>WE DELIVER YOUR GOODS  \n\t\t\t\t\t\t\t<\/rs-layer><!--\n\n\t\t\t\t\t\t\t--><rs-layer\n\t\t\t\t\t\t\t\tid=\"slider-4-slide-11-layer-3\" \n\t\t\t\t\t\t\t\tdata-type=\"text\"\n\t\t\t\t\t\t\t\tdata-color=\"#113e58\"\n\t\t\t\t\t\t\t\tdata-rsp_ch=\"on\"\n\t\t\t\t\t\t\t\tdata-xy=\"x:305px;y:147px;\"\n\t\t\t\t\t\t\t\tdata-text=\"s:28;l:30;a:inherit;\"\n\t\t\t\t\t\t\t\tdata-dim=\"w:423;h:75;\"\n\t\t\t\t\t\t\t\tdata-frame_1=\"st:2470;sp:700;sR:2470;\"\n\t\t\t\t\t\t\t\tdata-frame_999=\"o:0;st:w;sR:3830;\"\n\t\t\t\t\t\t\t\tstyle=\"z-index:6;font-family:'Open Sans';\"\n\t\t\t\t\t\t\t>In Italy and in Europe, every day! \n\t\t\t\t\t\t\t<\/rs-layer><!--\n-->\t\t\t\t\t<\/rs-slide>\n\t\t\t\t\t\t<rs-slide style=\"position: absolute;\" data-key=\"rs-12\" data-title=\"Slide\" data-thumb=\"\/public\/uploads\/revslider\/home-en\/slide-3-100x50.jpg\" data-duration=\"7000\" data-anim=\"adpr:false;\" data-in=\"o:0;\" data-out=\"a:false;\">\n\t\t\t\t\t\t\t<img decoding=\"async\" src=\"\/\/www.nuovatransports.eu\/public\/plugins\/revslider\/sr6\/assets\/assets\/dummy.png\" alt=\"\" title=\"Home\" class=\"rev-slidebg tp-rs-img rs-lazyload\" data-lazyload=\"\/public\/uploads\/revslider\/home-en\/slide-3.jpg\" data-no-retina>\n<!--\n\t\t\t\t\t\t\t--><rs-layer\n\t\t\t\t\t\t\t\tid=\"slider-4-slide-12-layer-1\" \n\t\t\t\t\t\t\t\tdata-type=\"text\"\n\t\t\t\t\t\t\t\tdata-color=\"#113e58\"\n\t\t\t\t\t\t\t\tdata-rsp_ch=\"on\"\n\t\t\t\t\t\t\t\tdata-xy=\"x:561px;y:78px;\"\n\t\t\t\t\t\t\t\tdata-text=\"s:58;l:67;a:inherit;\"\n\t\t\t\t\t\t\t\tdata-dim=\"w:479px;h:53px;\"\n\t\t\t\t\t\t\t\tdata-frame_1=\"st:960;sp:700;sR:960;\"\n\t\t\t\t\t\t\t\tdata-frame_999=\"o:0;st:w;sR:5340;\"\n\t\t\t\t\t\t\t\tstyle=\"z-index:5;font-family:'Open Sans';\"\n\t\t\t\t\t\t\t>YOUR 360\u00b0PARTNER \n\t\t\t\t\t\t\t<\/rs-layer><!--\n-->\t\t\t\t\t<\/rs-slide>\n\t\t\t\t\t<\/rs-slides>\n\t\t\t\t<\/rs-module>\n\t\t\t\t<script>\n\t\t\t\t\tsetREVStartSize({c: 'rev_slider_4_1',rl:[1240,1024,778,480],el:[650],gw:[1240],gh:[650],type:'standard',justify:'',layout:'fullwidth',mh:\"0\"});if (window.RS_MODULES!==undefined && window.RS_MODULES.modules!==undefined && window.RS_MODULES.modules[\"revslider41\"]!==undefined) {window.RS_MODULES.modules[\"revslider41\"].once = false;window.revapi4 = undefined;if (window.RS_MODULES.checkMinimal!==undefined) window.RS_MODULES.checkMinimal()}\n\t\t\t\t<\/script>\n\t\t\t<\/rs-module-wrap>\n\t\t\t<!-- END REVOLUTION SLIDER -->\n[\/vc_column][\/vc_row][vc_row css=\u00a0\u00bb.vc_custom_1510307492246{padding-top: 30px !important;padding-bottom: 30px !important;}\u00a0\u00bb][vc_column][vc_column_text]<\/p>\n<h1 class=\"text-center text-uppercase text-primary title-home\">Service<\/h1>\n<p>[\/vc_column_text][\/vc_column][vc_column width=\u00a0\u00bb1\/4&Prime; el_class=\u00a0\u00bbserv-home\u00a0\u00bb][vc_single_image image=\u00a0\u00bb36&Prime; img_size=\u00a0\u00bbfull\u00a0\u00bb alignment=\u00a0\u00bbcenter\u00a0\u00bb el_class=\u00a0\u00bbicon-1&Prime;][vc_column_text]<\/p>\n<h2 class=\"text-center text-uppercase\">Transport International Terrestre<\/h2>\n<p class=\"p1\">Notre r\u00e9seau consolid\u00e9 de partenaires<span class=\"Apple-converted-space\">\u00a0\u00a0<\/span>nous permet d\u2019assurer un service groupage,<span class=\"Apple-converted-space\">\u00a0\u00a0<\/span>lots partiels et complet\u00a0<i>door to door.<\/i><\/p>\n<p class=\"text-center link\"><a class=\"btn\" href=\"trasporto-terra\">Read More<\/a><\/p>\n<p>[\/vc_column_text][\/vc_column][vc_column width=\u00a0\u00bb1\/4&Prime; el_class=\u00a0\u00bbserv-home\u00a0\u00bb][vc_single_image image=\u00a0\u00bb379&Prime; img_size=\u00a0\u00bbfull\u00a0\u00bb alignment=\u00a0\u00bbcenter\u00a0\u00bb el_class=\u00a0\u00bbicon-2&Prime;][vc_column_text]<\/p>\n<h2 class=\"text-center text-uppercase\">Transport<br \/>\nMartitime et Aerien<\/h2>\n<p class=\"p1\">NUOVA TRANSPORTS SPA\u00a0 propose des services de transport a\u00e9rien fiables et s\u00e9curis\u00e9s pour desservir door to door les destinations&#8230;<\/p>\n<p class=\"text-center link\"><a class=\"btn\" href=\"trasporto-mare-aereo\">Read More<\/a><\/p>\n<p>[\/vc_column_text][\/vc_column][vc_column width=\u00a0\u00bb1\/4&Prime; el_class=\u00a0\u00bbserv-home\u00a0\u00bb][vc_single_image image=\u00a0\u00bb40&Prime; img_size=\u00a0\u00bbfull\u00a0\u00bb alignment=\u00a0\u00bbcenter\u00a0\u00bb el_class=\u00a0\u00bbicon-3&Prime;][vc_column_text]<\/p>\n<h2 class=\"text-center text-uppercase\">Services<br \/>\nLogistiques<\/h2>\n<p class=\"p1\">Notre soci\u00e9t\u00e9 a la capacit\u00e9 de vous fournir un service complet en mati\u00e8re de logistique et distribution. Toutes les phases&#8230;<\/p>\n<p class=\"text-center link\"><a class=\"btn\" href=\"servizi-logistici\">Read More<\/a><\/p>\n<p>[\/vc_column_text][\/vc_column][vc_column width=\u00a0\u00bb1\/4&Prime; el_class=\u00a0\u00bbserv-home\u00a0\u00bb][vc_single_image image=\u00a0\u00bb42&Prime; img_size=\u00a0\u00bbfull\u00a0\u00bb alignment=\u00a0\u00bbcenter\u00a0\u00bb el_class=\u00a0\u00bbicon-4&Prime;][vc_column_text]<\/p>\n<h2 class=\"text-center text-uppercase\">Services<br \/>\nDouanes<\/h2>\n<p class=\"p1\">Notre personnel muni de licence professionnelle techniques douani\u00e8res est \u00e0 dispostion de la client\u00e8le pour fournir conseils&#8230;<\/p>\n<p class=\"text-center link\"><a class=\"btn\" href=\"servizi-doganali\">Read More<\/a><\/p>\n<p>[\/vc_column_text][\/vc_column][\/vc_row][vc_row full_width=\u00a0\u00bbstretch_row\u00a0\u00bb css=\u00a0\u00bb.vc_custom_1511962257735{padding-bottom: 35px !important;background-image: url(http:\/\/www.nuovatransports.eu\/public\/uploads\/2017\/11\/bg-num.jpg?id=20) !important;background-position: center !important;background-repeat: no-repeat !important;background-size: cover !important;}\u00a0\u00bb el_class=\u00a0\u00bbenterBottom\u00a0\u00bb][vc_column][vc_column_text]<\/p>\n<h1 class=\"text-center text-uppercase text-white title-home\">Nos chiffres<\/h1>\n<p>[\/vc_column_text][\/vc_column][vc_column width=\u00a0\u00bb1\/3&Prime; el_class=\u00a0\u00bbtext-white\u00a0\u00bb][vc_single_image image=\u00a0\u00bb172&Prime; alignment=\u00a0\u00bbcenter\u00a0\u00bb][vc_column_text]<\/p>\n<div class=\"text-center\">\n<h3>48<\/h3>\n<p>Correspondants<\/p>\n<\/div>\n<p>[\/vc_column_text][\/vc_column][vc_column width=\u00a0\u00bb1\/3&Prime; el_class=\u00a0\u00bbtext-white\u00a0\u00bb][vc_single_image image=\u00a0\u00bb41&Prime; alignment=\u00a0\u00bbcenter\u00a0\u00bb][vc_column_text]<\/p>\n<div class=\"text-center\">\n<h3>8643<\/h3>\n<p>Formalit\u00e9s de douane<\/p>\n<\/div>\n<p>[\/vc_column_text][\/vc_column][vc_column width=\u00a0\u00bb1\/3&Prime; el_class=\u00a0\u00bbtext-white\u00a0\u00bb][vc_single_image image=\u00a0\u00bb398&Prime; alignment=\u00a0\u00bbcenter\u00a0\u00bb][vc_column_text]<\/p>\n<div class=\"text-center\">\n<h3>112<\/h3>\n<p>Employ\u00e9s<\/p>\n<\/div>\n<p>[\/vc_column_text][\/vc_column][\/vc_row][vc_row el_class=\u00a0\u00bbhome-news\u00a0\u00bb][vc_column][vc_column_text]<\/p>\n<h1 class=\"text-center text-uppercase text-primary title-home\">News<\/h1>\n<p>[\/vc_column_text][\/vc_column][vc_column][vc_column_text]\t<div class=\"container\">\n\t\t<div class=\"row\">\n\t\t\t\t\t\t\t\t\t\t\t\t\t\t<div class=\"p-0 col-md-6 col-sm-12 col-xs-12 news\">\n\t\t\t\t\t\t<div class=\"n-left\">\n\t\t\t\t\t\t\t<a href=\"https:\/\/www.nuovatransports.eu\/fr\/innovation-day\/\" class=\"\">\n\t\t\t\t\t\t\t<img decoding=\"async\" class=\"img-news\" src=\"\/public\/uploads\/innovation4-300x86.png\">\n\t\t\t\t\t\t\t<\/a>\n\t\t\t\t\t\t\t\n\t\t\t\t\t\t\t<div class=\"n-date\">\n\t\t\t\t\t\t\t\t<p class=\"text-muted\">\n\t\t\t\t\t\t\t\t\t<span class=\"n-day\">\n\t\t\t\t\t\t\t\t\t\tNov\t\t\t\t\t\t\t\t\t<\/span>\n\t\t\t\t\t\t\t\t\t<br \/>\n\t\t\t\t\t\t\t\t\t<span class=\"n-month\">2018<\/span>\n\t\t\t\t\t\t\t\t<\/p>\n\t\t\t\t\t\t\t<\/div>\n\t\t\t\t\t\t<\/div>\n\t\t\t\t\t\t<div class=\"n-right\">\n\t\t\t\t\t\t\t<h2 class=\"title\">\n\t\t\t\t\t\t\t\t<a href=\"https:\/\/www.nuovatransports.eu\/fr\/innovation-day\/\" class=\"\">\n\t\t\t\t\t\t\t\t<\/h2>\n\t\t\t\t\t\t\t\t<\/a>\n\t\t\t\t\t\t\t<p class=\"\">L\u2019Innovation Day, arrivato alla sua terza edizione, \u00e8 l\u2019appuntamento dedicato alla filiera produttiva della cosmetica, italiana e internazionale<\/p>\n\t\t\t\t\t\t\t<p><a href=\"https:\/\/www.nuovatransports.eu\/fr\/innovation-day\/\" class=\"btn btn-primary\">leggi tutto \/ read more<\/a><\/p>\n\t\t\t\t\t\t<\/div>\n\n\t\t\t\t\t\t<!--\n\t\t\t\t\t\t<pre>\n\t\t\t\t\t\t\t\t\t\t\t\t\t<\/pre>\n\t\t\t\t\t\t-->\n\t\t\t\t\t<\/div>\n\t\t\t\t\t\t\t\t\t\t\t\t\t\t\t\t\t<div class=\"p-0 col-md-6 col-sm-12 col-xs-12 news\">\n\t\t\t\t\t\t<div class=\"n-left\">\n\t\t\t\t\t\t\t<a href=\"https:\/\/www.nuovatransports.eu\/fr\/informativa-privacy\/\" class=\"\">\n\t\t\t\t\t\t\t<img decoding=\"async\" class=\"img-news\" src=\"\/public\/uploads\/gdpr.bmp\">\n\t\t\t\t\t\t\t<\/a>\n\t\t\t\t\t\t\t\n\t\t\t\t\t\t\t<div class=\"n-date\">\n\t\t\t\t\t\t\t\t<p class=\"text-muted\">\n\t\t\t\t\t\t\t\t\t<span class=\"n-day\">\n\t\t\t\t\t\t\t\t\t\tMay\t\t\t\t\t\t\t\t\t<\/span>\n\t\t\t\t\t\t\t\t\t<br \/>\n\t\t\t\t\t\t\t\t\t<span class=\"n-month\">2018<\/span>\n\t\t\t\t\t\t\t\t<\/p>\n\t\t\t\t\t\t\t<\/div>\n\t\t\t\t\t\t<\/div>\n\t\t\t\t\t\t<div class=\"n-right\">\n\t\t\t\t\t\t\t<h2 class=\"title\">\n\t\t\t\t\t\t\t\t<a href=\"https:\/\/www.nuovatransports.eu\/fr\/informativa-privacy\/\" class=\"\">\n\t\t\t\t\t\t\t\tPrivacy Policy<\/h2>\n\t\t\t\t\t\t\t\t<\/a>\n\t\t\t\t\t\t\t<p class=\"\">Informativa in merito al trattamento dei dati personali <\/p>\n\t\t\t\t\t\t\t<p><a href=\"https:\/\/www.nuovatransports.eu\/fr\/informativa-privacy\/\" class=\"btn btn-primary\">leggi tutto \/ read more<\/a><\/p>\n\t\t\t\t\t\t<\/div>\n\n\t\t\t\t\t\t<!--\n\t\t\t\t\t\t<pre>\n\t\t\t\t\t\t\t\t\t\t\t\t\t<\/pre>\n\t\t\t\t\t\t-->\n\t\t\t\t\t<\/div>\n\t\t\t\t\t\t\t\t\t\t\t<div style=\"clear:both;height:30px;\" class=\"visible-md visible-lg\"><\/div>\n\t\t\t\t\t\t\t\t\t\t\t\t\t\t\t\t\t<div class=\"p-0 col-md-6 col-sm-12 col-xs-12 news\">\n\t\t\t\t\t\t<div class=\"n-left\">\n\t\t\t\t\t\t\t<a href=\"https:\/\/www.nuovatransports.eu\/fr\/dallitalia-alla-cina-la-via-della-seta-non-e-mai-stata-cosi-vicina\/\" class=\"\">\n\t\t\t\t\t\t\t<img decoding=\"async\" class=\"img-news\" src=\"\/public\/uploads\/air-cargo-01-1024x576-300x169.jpg\">\n\t\t\t\t\t\t\t<\/a>\n\t\t\t\t\t\t\t\n\t\t\t\t\t\t\t<div class=\"n-date\">\n\t\t\t\t\t\t\t\t<p class=\"text-muted\">\n\t\t\t\t\t\t\t\t\t<span class=\"n-day\">\n\t\t\t\t\t\t\t\t\t\tMay\t\t\t\t\t\t\t\t\t<\/span>\n\t\t\t\t\t\t\t\t\t<br \/>\n\t\t\t\t\t\t\t\t\t<span class=\"n-month\">2018<\/span>\n\t\t\t\t\t\t\t\t<\/p>\n\t\t\t\t\t\t\t<\/div>\n\t\t\t\t\t\t<\/div>\n\t\t\t\t\t\t<div class=\"n-right\">\n\t\t\t\t\t\t\t<h2 class=\"title\">\n\t\t\t\t\t\t\t\t<a href=\"https:\/\/www.nuovatransports.eu\/fr\/dallitalia-alla-cina-la-via-della-seta-non-e-mai-stata-cosi-vicina\/\" class=\"\">\n\t\t\t\t\t\t\t\tFrom Italy to China: the Silk road has never been so fast<\/h2>\n\t\t\t\t\t\t\t\t<\/a>\n\t\t\t\t\t\t\t<p class=\"\">New Air Freight Service from Italy to Hong Kong & Shanghai.<\/p>\n\t\t\t\t\t\t\t<p><a href=\"https:\/\/www.nuovatransports.eu\/fr\/dallitalia-alla-cina-la-via-della-seta-non-e-mai-stata-cosi-vicina\/\" class=\"btn btn-primary\">leggi tutto \/ read more<\/a><\/p>\n\t\t\t\t\t\t<\/div>\n\n\t\t\t\t\t\t<!--\n\t\t\t\t\t\t<pre>\n\t\t\t\t\t\t\t\t\t\t\t\t\t<\/pre>\n\t\t\t\t\t\t-->\n\t\t\t\t\t<\/div>\n\t\t\t\t\t\t\t\t\t\t\t\t\t\t\t\t\t<div class=\"p-0 col-md-6 col-sm-12 col-xs-12 news\">\n\t\t\t\t\t\t<div class=\"n-left\">\n\t\t\t\t\t\t\t<a href=\"https:\/\/www.nuovatransports.eu\/fr\/nuova-transports-spa-join-the-cesped-team\/\" class=\"\">\n\t\t\t\t\t\t\t<img decoding=\"async\" class=\"img-news\" src=\"\/public\/uploads\/Logo_insegna-1-300x223.png\">\n\t\t\t\t\t\t\t<\/a>\n\t\t\t\t\t\t\t\n\t\t\t\t\t\t\t<div class=\"n-date\">\n\t\t\t\t\t\t\t\t<p class=\"text-muted\">\n\t\t\t\t\t\t\t\t\t<span class=\"n-day\">\n\t\t\t\t\t\t\t\t\t\tApr\t\t\t\t\t\t\t\t\t<\/span>\n\t\t\t\t\t\t\t\t\t<br \/>\n\t\t\t\t\t\t\t\t\t<span class=\"n-month\">2018<\/span>\n\t\t\t\t\t\t\t\t<\/p>\n\t\t\t\t\t\t\t<\/div>\n\t\t\t\t\t\t<\/div>\n\t\t\t\t\t\t<div class=\"n-right\">\n\t\t\t\t\t\t\t<h2 class=\"title\">\n\t\t\t\t\t\t\t\t<a href=\"https:\/\/www.nuovatransports.eu\/fr\/nuova-transports-spa-join-the-cesped-team\/\" class=\"\">\n\t\t\t\t\t\t\t\tNuova Transports int\u00e8gre l'\u00e9quipe Cesped<\/h2>\n\t\t\t\t\t\t\t\t<\/a>\n\t\t\t\t\t\t\t<p class=\"\">Nuova Transports entre dans le groupe Cesped.\r\n<\/p>\n\t\t\t\t\t\t\t<p><a href=\"https:\/\/www.nuovatransports.eu\/fr\/nuova-transports-spa-join-the-cesped-team\/\" class=\"btn btn-primary\">leggi tutto \/ read more<\/a><\/p>\n\t\t\t\t\t\t<\/div>\n\n\t\t\t\t\t\t<!--\n\t\t\t\t\t\t<pre>\n\t\t\t\t\t\t\t\t\t\t\t\t\t<\/pre>\n\t\t\t\t\t\t-->\n\t\t\t\t\t<\/div>\n\t\t\t\t\t\t\t\t\t\t\t<div style=\"clear:both;height:30px;\" class=\"visible-md visible-lg\"><\/div>\n\t\t\t\t\t\t\t\t\t\t\t\n\t\t<\/div>\n\t<\/div>\n\n[\/vc_column_text][\/vc_column][\/vc_row][vc_row full_width=\u00a0\u00bbstretch_row\u00a0\u00bb css=\u00a0\u00bb.vc_custom_1510152871584{background-color: #1db3e7 !important;}\u00a0\u00bb][vc_column][vc_column_text]<\/p>\n<h1 class=\"text-center text-uppercase text-white title-home\">Toutes les destinations<\/h1>\n<p>[\/vc_column_text][\/vc_column][vc_column][vc_single_image image=\u00a0\u00bb25&Prime; img_size=\u00a0\u00bbfull\u00a0\u00bb alignment=\u00a0\u00bbcenter\u00a0\u00bb onclick=\u00a0\u00bbcustom_link\u00a0\u00bb link=\u00a0\u00bbtutte-le-destinazioni\/\u00a0\u00bb][\/vc_column][\/vc_row][vc_row][vc_column][vc_column_text]<\/p>\n<h1 class=\"text-center text-primary text-uppercase title-home\">Certifications<\/h1>\n<p>[\/vc_column_text][vc_single_image image=\u00a0\u00bb354&Prime; img_size=\u00a0\u00bbfull\u00a0\u00bb alignment=\u00a0\u00bbcenter\u00a0\u00bb onclick=\u00a0\u00bbcustom_link\u00a0\u00bb el_class=\u00a0\u00bbimg-responsive\u00a0\u00bb link=\u00a0\u00bbcertificazioni\/\u00a0\u00bb][\/vc_column][\/vc_row]<\/p>\n<\/div>","protected":false},"excerpt":{"rendered":"<p>[vc_row full_width=\u00a0\u00bbstretch_row_content_no_spaces\u00a0\u00bb][vc_column][\/vc_column][\/vc_row][vc_row css=\u00a0\u00bb.vc_custom_1510307492246{padding-top: 30px !important;padding-bottom: 30px !important;}\u00a0\u00bb][vc_column][vc_column_text] Service [\/vc_column_text][\/vc_column][vc_column width=\u00a0\u00bb1\/4&Prime; el_class=\u00a0\u00bbserv-home\u00a0\u00bb][vc_single_image image=\u00a0\u00bb36&Prime; img_size=\u00a0\u00bbfull\u00a0\u00bb alignment=\u00a0\u00bbcenter\u00a0\u00bb el_class=\u00a0\u00bbicon-1&Prime;][vc_column_text] Transport International Terrestre Notre r\u00e9seau consolid\u00e9 de partenaires\u00a0\u00a0nous permet d\u2019assurer un service groupage,\u00a0\u00a0lots partiels et complet\u00a0door to door. Read More [\/vc_column_text][\/vc_column][vc_column width=\u00a0\u00bb1\/4&Prime; el_class=\u00a0\u00bbserv-home\u00a0\u00bb][vc_single_image image=\u00a0\u00bb379&Prime; img_size=\u00a0\u00bbfull\u00a0\u00bb alignment=\u00a0\u00bbcenter\u00a0\u00bb el_class=\u00a0\u00bbicon-2&Prime;][vc_column_text] Transport Martitime et Aerien NUOVA TRANSPORTS SPA\u00a0 propose des services de transport a\u00e9rien [&hellip;]<\/p>\n","protected":false},"author":1,"featured_media":0,"parent":0,"menu_order":0,"comment_status":"closed","ping_status":"open","template":"","meta":{"_acf_changed":false,"footnotes":""},"class_list":["post-409","page","type-page","status-publish","hentry"],"acf":[],"yoast_head":"<!-- This site is optimized with the Yoast SEO plugin v23.9 - https:\/\/yoast.com\/wordpress\/plugins\/seo\/ -->\n<title>Trasporti internazionali | Nuova Transports<\/title>\n<meta name=\"description\" content=\"Da oltre 25 anni nel settore dei trasporti internazionali, offriamo con professionalit\u00e0 ed efficienza un servizio nelle principali nazioni europee.\" \/>\n<meta name=\"robots\" content=\"index, follow, max-snippet:-1, max-image-preview:large, max-video-preview:-1\" \/>\n<link rel=\"canonical\" href=\"https:\/\/devnuovatp.tlco.info\/fr\/\" \/>\n<meta property=\"og:locale\" content=\"fr_FR\" \/>\n<meta property=\"og:type\" content=\"article\" \/>\n<meta property=\"og:title\" content=\"Trasporti internazionali | Nuova Transports\" \/>\n<meta property=\"og:description\" content=\"Da oltre 25 anni nel settore dei trasporti internazionali, offriamo con professionalit\u00e0 ed efficienza un servizio nelle principali nazioni europee.\" \/>\n<meta property=\"og:url\" content=\"https:\/\/devnuovatp.tlco.info\/fr\/\" \/>\n<meta property=\"og:site_name\" content=\"Nuova Transports\" \/>\n<meta property=\"article:modified_time\" content=\"2017-12-04T11:55:05+00:00\" \/>\n<meta name=\"twitter:card\" content=\"summary_large_image\" \/>\n<meta name=\"twitter:label1\" content=\"Dur\u00e9e de lecture estim\u00e9e\" \/>\n\t<meta name=\"twitter:data1\" content=\"2 minutes\" \/>\n<script type=\"application\/ld+json\" class=\"yoast-schema-graph\">{\"@context\":\"https:\/\/schema.org\",\"@graph\":[{\"@type\":\"WebPage\",\"@id\":\"https:\/\/devnuovatp.tlco.info\/fr\/\",\"url\":\"https:\/\/devnuovatp.tlco.info\/fr\/\",\"name\":\"Trasporti internazionali | Nuova Transports\",\"isPartOf\":{\"@id\":\"https:\/\/devnuovatp.tlco.info\/#website\"},\"datePublished\":\"2017-11-13T11:06:41+00:00\",\"dateModified\":\"2017-12-04T11:55:05+00:00\",\"description\":\"Da oltre 25 anni nel settore dei trasporti internazionali, offriamo con professionalit\u00e0 ed efficienza un servizio nelle principali nazioni europee.\",\"breadcrumb\":{\"@id\":\"https:\/\/devnuovatp.tlco.info\/fr\/#breadcrumb\"},\"inLanguage\":\"fr-FR\",\"potentialAction\":[{\"@type\":\"ReadAction\",\"target\":[\"https:\/\/devnuovatp.tlco.info\/fr\/\"]}]},{\"@type\":\"BreadcrumbList\",\"@id\":\"https:\/\/devnuovatp.tlco.info\/fr\/#breadcrumb\",\"itemListElement\":[{\"@type\":\"ListItem\",\"position\":1,\"name\":\"Home\",\"item\":\"https:\/\/devnuovatp.tlco.info\/fr\/\"},{\"@type\":\"ListItem\",\"position\":2,\"name\":\"Home\"}]},{\"@type\":\"WebSite\",\"@id\":\"https:\/\/devnuovatp.tlco.info\/#website\",\"url\":\"https:\/\/devnuovatp.tlco.info\/\",\"name\":\"Nuova Transports\",\"description\":\"Trasporti Internazionali\",\"potentialAction\":[{\"@type\":\"SearchAction\",\"target\":{\"@type\":\"EntryPoint\",\"urlTemplate\":\"https:\/\/devnuovatp.tlco.info\/?s={search_term_string}\"},\"query-input\":{\"@type\":\"PropertyValueSpecification\",\"valueRequired\":true,\"valueName\":\"search_term_string\"}}],\"inLanguage\":\"fr-FR\"}]}<\/script>\n<!-- \/ Yoast SEO plugin. -->","yoast_head_json":{"title":"Trasporti internazionali | Nuova Transports","description":"Da oltre 25 anni nel settore dei trasporti internazionali, offriamo con professionalit\u00e0 ed efficienza un servizio nelle principali nazioni europee.","robots":{"index":"index","follow":"follow","max-snippet":"max-snippet:-1","max-image-preview":"max-image-preview:large","max-video-preview":"max-video-preview:-1"},"canonical":"https:\/\/devnuovatp.tlco.info\/fr\/","og_locale":"fr_FR","og_type":"article","og_title":"Trasporti internazionali | Nuova Transports","og_description":"Da oltre 25 anni nel settore dei trasporti internazionali, offriamo con professionalit\u00e0 ed efficienza un servizio nelle principali nazioni europee.","og_url":"https:\/\/devnuovatp.tlco.info\/fr\/","og_site_name":"Nuova Transports","article_modified_time":"2017-12-04T11:55:05+00:00","twitter_card":"summary_large_image","twitter_misc":{"Dur\u00e9e de lecture estim\u00e9e":"2 minutes"},"schema":{"@context":"https:\/\/schema.org","@graph":[{"@type":"WebPage","@id":"https:\/\/devnuovatp.tlco.info\/fr\/","url":"https:\/\/devnuovatp.tlco.info\/fr\/","name":"Trasporti internazionali | Nuova Transports","isPartOf":{"@id":"https:\/\/devnuovatp.tlco.info\/#website"},"datePublished":"2017-11-13T11:06:41+00:00","dateModified":"2017-12-04T11:55:05+00:00","description":"Da oltre 25 anni nel settore dei trasporti internazionali, offriamo con professionalit\u00e0 ed efficienza un servizio nelle principali nazioni europee.","breadcrumb":{"@id":"https:\/\/devnuovatp.tlco.info\/fr\/#breadcrumb"},"inLanguage":"fr-FR","potentialAction":[{"@type":"ReadAction","target":["https:\/\/devnuovatp.tlco.info\/fr\/"]}]},{"@type":"BreadcrumbList","@id":"https:\/\/devnuovatp.tlco.info\/fr\/#breadcrumb","itemListElement":[{"@type":"ListItem","position":1,"name":"Home","item":"https:\/\/devnuovatp.tlco.info\/fr\/"},{"@type":"ListItem","position":2,"name":"Home"}]},{"@type":"WebSite","@id":"https:\/\/devnuovatp.tlco.info\/#website","url":"https:\/\/devnuovatp.tlco.info\/","name":"Nuova Transports","description":"Trasporti Internazionali","potentialAction":[{"@type":"SearchAction","target":{"@type":"EntryPoint","urlTemplate":"https:\/\/devnuovatp.tlco.info\/?s={search_term_string}"},"query-input":{"@type":"PropertyValueSpecification","valueRequired":true,"valueName":"search_term_string"}}],"inLanguage":"fr-FR"}]}},"_links":{"self":[{"href":"https:\/\/www.nuovatransports.eu\/fr\/wp-json\/wp\/v2\/pages\/409"}],"collection":[{"href":"https:\/\/www.nuovatransports.eu\/fr\/wp-json\/wp\/v2\/pages"}],"about":[{"href":"https:\/\/www.nuovatransports.eu\/fr\/wp-json\/wp\/v2\/types\/page"}],"author":[{"embeddable":true,"href":"https:\/\/www.nuovatransports.eu\/fr\/wp-json\/wp\/v2\/users\/1"}],"replies":[{"embeddable":true,"href":"https:\/\/www.nuovatransports.eu\/fr\/wp-json\/wp\/v2\/comments?post=409"}],"version-history":[{"count":12,"href":"https:\/\/www.nuovatransports.eu\/fr\/wp-json\/wp\/v2\/pages\/409\/revisions"}],"predecessor-version":[{"id":580,"href":"https:\/\/www.nuovatransports.eu\/fr\/wp-json\/wp\/v2\/pages\/409\/revisions\/580"}],"wp:attachment":[{"href":"https:\/\/www.nuovatransports.eu\/fr\/wp-json\/wp\/v2\/media?parent=409"}],"curies":[{"name":"wp","href":"https:\/\/api.w.org\/{rel}","templated":true}]}}