{"id":413,"date":"2017-11-14T10:18:31","date_gmt":"2017-11-14T09:18:31","guid":{"rendered":"http:\/\/www.nuovatransports.eu\/certificazioni\/"},"modified":"2022-04-06T10:28:21","modified_gmt":"2022-04-06T08:28:21","slug":"certification","status":"publish","type":"page","link":"https:\/\/www.nuovatransports.eu\/fr\/certification\/","title":{"rendered":"Certification"},"content":{"rendered":"<div class=\"wpb-content-wrapper\"><p>[vc_row][vc_column][vc_column_text]<\/p>\n<p class=\"p1\">Le succ\u00e8s de \u00a0NUOVA TRANSPORTS SPA\u00a0 est li\u00e9 \u00e0 la satisfaction du client et il est bas\u00e9 sur la capacit\u00e9 de comprendre, anticiper, satisfaire ses exigences de fa\u00e7on performante et comp\u00e9titive.<\/p>\n<p class=\"p1\">Ceci g\u00e9n\u00e8re l&rsquo;engagement de NUOVA TRANSPORTS SPA \u00e0 am\u00e9liorer continuellement les standards de qualit\u00e9 pour garantir le rythme de croissance de ses propres activit\u00e9s et assurer sa comp\u00e9titivit\u00e9 sur le march\u00e9.<\/p>\n<p>[\/vc_column_text][\/vc_column][\/vc_row][vc_row el_class=\u00a0\u00bbcert\u00a0\u00bb][vc_column width=\u00a0\u00bb1\/12&Prime;][vc_single_image image=\u00a0\u00bb192&Prime; img_size=\u00a0\u00bbfull\u00a0\u00bb alignment=\u00a0\u00bbcenter\u00a0\u00bb onclick=\u00a0\u00bbcustom_link\u00a0\u00bb img_link_target=\u00a0\u00bb_blank\u00a0\u00bb link=\u00a0\u00bb\/public\/uploads\/International-Holidays-2022-Nuova-Transports.pdf\u00a0\u00bb el_class=\u00a0\u00bbimg-responsive\u00a0\u00bb][\/vc_column][vc_column width=\u00a0\u00bb3\/12&Prime;][vc_column_text]<\/p>\n<h3 class=\"cert\" style=\"font-size: 17px;\">International Holydays Calendar 2022<\/h3>\n<p>[\/vc_column_text][\/vc_column][vc_column width=\u00a0\u00bb1\/12&Prime;][vc_single_image image=\u00a0\u00bb192&Prime; img_size=\u00a0\u00bbfull\u00a0\u00bb alignment=\u00a0\u00bbcenter\u00a0\u00bb onclick=\u00a0\u00bbcustom_link\u00a0\u00bb img_link_target=\u00a0\u00bb_blank\u00a0\u00bb link=\u00a0\u00bb\/public\/uploads\/CERTIFICATO-AEO.pdf\u00a0\u00bb el_class=\u00a0\u00bbimg-responsive\u00a0\u00bb][\/vc_column][vc_column width=\u00a0\u00bb3\/12&Prime;][vc_column_text]<\/p>\n<h3 class=\"cert\" style=\"font-size: 17px;\">AEO<\/h3>\n<p>[\/vc_column_text][\/vc_column][vc_column width=\u00a0\u00bb1\/12&Prime;][vc_single_image image=\u00a0\u00bb192&Prime; img_size=\u00a0\u00bbfull\u00a0\u00bb alignment=\u00a0\u00bbcenter\u00a0\u00bb onclick=\u00a0\u00bbcustom_link\u00a0\u00bb img_link_target=\u00a0\u00bb_blank\u00a0\u00bb link=\u00a0\u00bb\/public\/uploads\/Certificato-ISO-9001-2015_2021-2023.pdf\u00a0\u00bb el_class=\u00a0\u00bbimg-responsive\u00a0\u00bb][\/vc_column][vc_column width=\u00a0\u00bb3\/12&Prime;][vc_column_text]<\/p>\n<h3 class=\"cert\" style=\"font-size: 17px;\">ISO<\/h3>\n<p>[\/vc_column_text][\/vc_column][\/vc_row][vc_row el_class=\u00a0\u00bbcert\u00a0\u00bb][vc_column width=\u00a0\u00bb1\/12&Prime;][vc_single_image image=\u00a0\u00bb192&Prime; img_size=\u00a0\u00bbfull\u00a0\u00bb alignment=\u00a0\u00bbcenter\u00a0\u00bb onclick=\u00a0\u00bbcustom_link\u00a0\u00bb img_link_target=\u00a0\u00bb_blank\u00a0\u00bb link=\u00a0\u00bb\/public\/uploads\/Divieti_Nuova-Transports-2022-Calendario-appeso-A3.pdf\u00a0\u00bb el_class=\u00a0\u00bbimg-responsive\u00a0\u00bb][\/vc_column][vc_column width=\u00a0\u00bb3\/12&Prime;][vc_column_text]<\/p>\n<h3 class=\"cert\" style=\"font-size: 17px;\"><span id=\"result_box\" class=\"short_text\" lang=\"en\"><span class=\"hps alt-edited\">Driving bans<\/span><\/span>\u00a02022<\/h3>\n<p>[\/vc_column_text][\/vc_column][vc_column width=\u00a0\u00bb1\/12&Prime;][vc_single_image image=\u00a0\u00bb192&Prime; img_size=\u00a0\u00bbfull\u00a0\u00bb alignment=\u00a0\u00bbcenter\u00a0\u00bb onclick=\u00a0\u00bbcustom_link\u00a0\u00bb img_link_target=\u00a0\u00bb_blank\u00a0\u00bb link=\u00a0\u00bb\/public\/uploads\/IATA-2020.pdf\u00a0\u00bb el_class=\u00a0\u00bbimg-responsive\u00a0\u00bb][\/vc_column][vc_column width=\u00a0\u00bb3\/12&Prime;][vc_column_text]<\/p>\n<h3 class=\"cert\" style=\"font-size: 17px;\">IATA 2020<\/h3>\n<p>[\/vc_column_text][\/vc_column][vc_column width=\u00a0\u00bb1\/12&Prime;][vc_single_image image=\u00a0\u00bb192&Prime; img_size=\u00a0\u00bbfull\u00a0\u00bb alignment=\u00a0\u00bbcenter\u00a0\u00bb onclick=\u00a0\u00bbcustom_link\u00a0\u00bb img_link_target=\u00a0\u00bb_blank\u00a0\u00bb link=\u00a0\u00bb\/public\/uploads\/INCOTERMS-2020.pdf\u00a0\u00bb el_class=\u00a0\u00bbimg-responsive\u00a0\u00bb][\/vc_column][vc_column width=\u00a0\u00bb3\/12&Prime;][vc_column_text]<\/p>\n<h3 class=\"cert\" style=\"font-size: 17px;\">Incoterms<\/h3>\n<p>[\/vc_column_text][\/vc_column][\/vc_row][vc_row el_class=\u00a0\u00bbcert\u00a0\u00bb][vc_column width=\u00a0\u00bb1\/12&Prime;][vc_single_image image=\u00a0\u00bb192&Prime; img_size=\u00a0\u00bbfull\u00a0\u00bb alignment=\u00a0\u00bbcenter\u00a0\u00bb onclick=\u00a0\u00bbcustom_link\u00a0\u00bb img_link_target=\u00a0\u00bb_blank\u00a0\u00bb link=\u00a0\u00bb\/public\/uploads\/CIRCOLARE_POD.pdf\u00a0\u00bb el_class=\u00a0\u00bbimg-responsive\u00a0\u00bb][\/vc_column][vc_column width=\u00a0\u00bb3\/12&Prime;][vc_column_text]<\/p>\n<h3 class=\"cert\" style=\"font-size: 17px;\">POD<\/h3>\n<p>[\/vc_column_text][\/vc_column][vc_column width=\u00a0\u00bb1\/12&Prime;][vc_single_image image=\u00a0\u00bb192&Prime; img_size=\u00a0\u00bbfull\u00a0\u00bb alignment=\u00a0\u00bbcenter\u00a0\u00bb onclick=\u00a0\u00bbcustom_link\u00a0\u00bb img_link_target=\u00a0\u00bb_blank\u00a0\u00bb link=\u00a0\u00bb\/public\/uploads\/GENERAL-CONDITIONS-July-2021-1.pdf\u00a0\u00bb el_class=\u00a0\u00bbimg-responsive\u00a0\u00bb][\/vc_column][vc_column width=\u00a0\u00bb3\/12&Prime;][vc_column_text]<\/p>\n<h3 class=\"cert\" style=\"font-size: 17px;\">General conditions of contract<\/h3>\n<p>[\/vc_column_text][\/vc_column][vc_column width=\u00a0\u00bb1\/12&Prime;][vc_single_image image=\u00a0\u00bb192&Prime; img_size=\u00a0\u00bbfull\u00a0\u00bb alignment=\u00a0\u00bbcenter\u00a0\u00bb onclick=\u00a0\u00bbcustom_link\u00a0\u00bb img_link_target=\u00a0\u00bb_blank\u00a0\u00bb link=\u00a0\u00bb\/public\/uploads\/DURC-NT-scadenza-25.06.2022.pdf\u00a0\u00bb el_class=\u00a0\u00bbimg-responsive\u00a0\u00bb][\/vc_column][vc_column width=\u00a0\u00bb3\/12&Prime;][vc_column_text]<\/p>\n<h3 class=\"cert\" style=\"font-size: 17px;\">DURC Nuova Transports spa<\/h3>\n<p>[\/vc_column_text][\/vc_column][\/vc_row][vc_row el_class=\u00a0\u00bbcert\u00a0\u00bb][vc_column width=\u00a0\u00bb1\/12&Prime;][vc_single_image image=\u00a0\u00bb192&Prime; img_size=\u00a0\u00bbfull\u00a0\u00bb alignment=\u00a0\u00bbcenter\u00a0\u00bb onclick=\u00a0\u00bbcustom_link\u00a0\u00bb img_link_target=\u00a0\u00bb_blank\u00a0\u00bb el_class=\u00a0\u00bbimg-responsive\u00a0\u00bb link=\u00a0\u00bb\/public\/uploads\/Nuova-Transports_Integrated-Corporate-Policy_rev.00-1.pdf\u00a0\u00bb][\/vc_column][vc_column width=\u00a0\u00bb3\/12&Prime;][vc_column_text]<\/p>\n<h3 class=\"cert\" style=\"font-size: 17px;\">Quality Policy<\/h3>\n<p>[\/vc_column_text][\/vc_column][vc_column width=\u00a0\u00bb1\/12&Prime;][vc_single_image image=\u00a0\u00bb192&Prime; img_size=\u00a0\u00bbfull\u00a0\u00bb alignment=\u00a0\u00bbcenter\u00a0\u00bb onclick=\u00a0\u00bbcustom_link\u00a0\u00bb img_link_target=\u00a0\u00bb_blank\u00a0\u00bb link=\u00a0\u00bb\/public\/uploads\/FEDERSPEDI_UK.pdf\u00a0\u00bb el_class=\u00a0\u00bbimg-responsive\u00a0\u00bb][\/vc_column][vc_column width=\u00a0\u00bb3\/12&Prime;][vc_column_text]<\/p>\n<h3 class=\"cert\" style=\"font-size: 17px;\">Fedespedi<\/h3>\n<p>[\/vc_column_text][\/vc_column][vc_column width=\u00a0\u00bb1\/12&Prime;][vc_single_image image=\u00a0\u00bb192&Prime; img_size=\u00a0\u00bbfull\u00a0\u00bb alignment=\u00a0\u00bbcenter\u00a0\u00bb onclick=\u00a0\u00bbcustom_link\u00a0\u00bb img_link_target=\u00a0\u00bb_blank\u00a0\u00bb link=\u00a0\u00bb\/public\/uploads\/2021-NT-Codice-di-comportamento-231_20210309.pdf\u00a0\u00bb el_class=\u00a0\u00bbimg-responsive\u00a0\u00bb][\/vc_column][vc_column width=\u00a0\u00bb3\/12&Prime;][vc_column_text]<\/p>\n<h3 class=\"cert\" style=\"font-size: 17px;\">Behaviour Code 231<\/h3>\n<p>[\/vc_column_text][\/vc_column][\/vc_row][vc_row el_class=\u00a0\u00bbcert\u00a0\u00bb][vc_column width=\u00a0\u00bb1\/12&Prime;][vc_single_image image=\u00a0\u00bb192&Prime; img_size=\u00a0\u00bbfull\u00a0\u00bb alignment=\u00a0\u00bbcenter\u00a0\u00bb onclick=\u00a0\u00bbcustom_link\u00a0\u00bb img_link_target=\u00a0\u00bb_blank\u00a0\u00bb link=\u00a0\u00bb\/public\/uploads\/2021-NT_Principi-MOG-231_20210311.pdf\u00a0\u00bb el_class=\u00a0\u00bbimg-responsive\u00a0\u00bb][\/vc_column][vc_column width=\u00a0\u00bb3\/12&Prime;][vc_column_text]<\/p>\n<h3 class=\"cert\" style=\"font-size: 17px;\">Principles MOG 231<\/h3>\n<p>[\/vc_column_text][\/vc_column][\/vc_row]<\/p>\n<\/div>","protected":false},"excerpt":{"rendered":"<p>[vc_row][vc_column][vc_column_text] Le succ\u00e8s de \u00a0NUOVA TRANSPORTS SPA\u00a0 est li\u00e9 \u00e0 la satisfaction du client et il est bas\u00e9 sur la capacit\u00e9 de comprendre, anticiper, satisfaire ses exigences de fa\u00e7on performante et comp\u00e9titive. Ceci g\u00e9n\u00e8re l&rsquo;engagement de NUOVA TRANSPORTS SPA \u00e0 am\u00e9liorer continuellement les standards de qualit\u00e9 pour garantir le rythme de croissance de ses propres [&hellip;]<\/p>\n","protected":false},"author":1,"featured_media":1727,"parent":0,"menu_order":0,"comment_status":"closed","ping_status":"closed","template":"","meta":{"_acf_changed":false,"footnotes":""},"class_list":["post-413","page","type-page","status-publish","has-post-thumbnail","hentry"],"acf":[],"yoast_head":"<!-- This site is optimized with the Yoast SEO plugin v23.9 - https:\/\/yoast.com\/wordpress\/plugins\/seo\/ -->\n<title>Certificazione AEO<\/title>\n<meta name=\"description\" content=\"Il nostro impegno \u00e8 legato alla soddisfazione del Cliente, migliorando gli standard qualitativi anche grazie alle certificazioni AEO, ISO, IATA.\" \/>\n<meta name=\"robots\" content=\"index, follow, max-snippet:-1, max-image-preview:large, max-video-preview:-1\" \/>\n<link rel=\"canonical\" href=\"https:\/\/devnuovatp.tlco.info\/fr\/certification\/\" \/>\n<meta property=\"og:locale\" content=\"fr_FR\" \/>\n<meta property=\"og:type\" content=\"article\" \/>\n<meta property=\"og:title\" content=\"Certificazione AEO\" \/>\n<meta property=\"og:description\" content=\"Il nostro impegno \u00e8 legato alla soddisfazione del Cliente, migliorando gli standard qualitativi anche grazie alle certificazioni AEO, ISO, IATA.\" \/>\n<meta property=\"og:url\" content=\"https:\/\/devnuovatp.tlco.info\/fr\/certification\/\" \/>\n<meta property=\"og:site_name\" content=\"Nuova Transports\" \/>\n<meta property=\"article:modified_time\" content=\"2022-04-06T08:28:21+00:00\" \/>\n<meta property=\"og:image\" content=\"https:\/\/www.nuovatransports.eu\/public\/uploads\/bg-certifications.jpg\" \/>\n\t<meta property=\"og:image:width\" content=\"2000\" \/>\n\t<meta property=\"og:image:height\" content=\"678\" \/>\n\t<meta property=\"og:image:type\" content=\"image\/jpeg\" \/>\n<meta name=\"twitter:card\" content=\"summary_large_image\" \/>\n<meta name=\"twitter:label1\" content=\"Dur\u00e9e de lecture estim\u00e9e\" \/>\n\t<meta name=\"twitter:data1\" content=\"3 minutes\" \/>\n<script type=\"application\/ld+json\" class=\"yoast-schema-graph\">{\"@context\":\"https:\/\/schema.org\",\"@graph\":[{\"@type\":\"WebPage\",\"@id\":\"https:\/\/devnuovatp.tlco.info\/fr\/certification\/\",\"url\":\"https:\/\/devnuovatp.tlco.info\/fr\/certification\/\",\"name\":\"Certificazione AEO\",\"isPartOf\":{\"@id\":\"https:\/\/devnuovatp.tlco.info\/#website\"},\"primaryImageOfPage\":{\"@id\":\"https:\/\/devnuovatp.tlco.info\/fr\/certification\/#primaryimage\"},\"image\":{\"@id\":\"https:\/\/devnuovatp.tlco.info\/fr\/certification\/#primaryimage\"},\"thumbnailUrl\":\"\/public\/uploads\/bg-certifications.jpg\",\"datePublished\":\"2017-11-14T09:18:31+00:00\",\"dateModified\":\"2022-04-06T08:28:21+00:00\",\"description\":\"Il nostro impegno \u00e8 legato alla soddisfazione del Cliente, migliorando gli standard qualitativi anche grazie alle certificazioni AEO, ISO, IATA.\",\"breadcrumb\":{\"@id\":\"https:\/\/devnuovatp.tlco.info\/fr\/certification\/#breadcrumb\"},\"inLanguage\":\"fr-FR\",\"potentialAction\":[{\"@type\":\"ReadAction\",\"target\":[\"https:\/\/devnuovatp.tlco.info\/fr\/certification\/\"]}]},{\"@type\":\"ImageObject\",\"inLanguage\":\"fr-FR\",\"@id\":\"https:\/\/devnuovatp.tlco.info\/fr\/certification\/#primaryimage\",\"url\":\"\/public\/uploads\/bg-certifications.jpg\",\"contentUrl\":\"\/public\/uploads\/bg-certifications.jpg\",\"width\":2000,\"height\":678,\"caption\":\"Nuova Transports | Certifications\"},{\"@type\":\"BreadcrumbList\",\"@id\":\"https:\/\/devnuovatp.tlco.info\/fr\/certification\/#breadcrumb\",\"itemListElement\":[{\"@type\":\"ListItem\",\"position\":1,\"name\":\"Home\",\"item\":\"https:\/\/devnuovatp.tlco.info\/fr\/\"},{\"@type\":\"ListItem\",\"position\":2,\"name\":\"Certification\"}]},{\"@type\":\"WebSite\",\"@id\":\"https:\/\/devnuovatp.tlco.info\/#website\",\"url\":\"https:\/\/devnuovatp.tlco.info\/\",\"name\":\"Nuova Transports\",\"description\":\"Trasporti Internazionali\",\"potentialAction\":[{\"@type\":\"SearchAction\",\"target\":{\"@type\":\"EntryPoint\",\"urlTemplate\":\"https:\/\/devnuovatp.tlco.info\/?s={search_term_string}\"},\"query-input\":{\"@type\":\"PropertyValueSpecification\",\"valueRequired\":true,\"valueName\":\"search_term_string\"}}],\"inLanguage\":\"fr-FR\"}]}<\/script>\n<!-- \/ Yoast SEO plugin. -->","yoast_head_json":{"title":"Certificazione AEO","description":"Il nostro impegno \u00e8 legato alla soddisfazione del Cliente, migliorando gli standard qualitativi anche grazie alle certificazioni AEO, ISO, IATA.","robots":{"index":"index","follow":"follow","max-snippet":"max-snippet:-1","max-image-preview":"max-image-preview:large","max-video-preview":"max-video-preview:-1"},"canonical":"https:\/\/devnuovatp.tlco.info\/fr\/certification\/","og_locale":"fr_FR","og_type":"article","og_title":"Certificazione AEO","og_description":"Il nostro impegno \u00e8 legato alla soddisfazione del Cliente, migliorando gli standard qualitativi anche grazie alle certificazioni AEO, ISO, IATA.","og_url":"https:\/\/devnuovatp.tlco.info\/fr\/certification\/","og_site_name":"Nuova Transports","article_modified_time":"2022-04-06T08:28:21+00:00","og_image":[{"width":2000,"height":678,"url":"https:\/\/www.nuovatransports.eu\/public\/uploads\/bg-certifications.jpg","type":"image\/jpeg"}],"twitter_card":"summary_large_image","twitter_misc":{"Dur\u00e9e de lecture estim\u00e9e":"3 minutes"},"schema":{"@context":"https:\/\/schema.org","@graph":[{"@type":"WebPage","@id":"https:\/\/devnuovatp.tlco.info\/fr\/certification\/","url":"https:\/\/devnuovatp.tlco.info\/fr\/certification\/","name":"Certificazione AEO","isPartOf":{"@id":"https:\/\/devnuovatp.tlco.info\/#website"},"primaryImageOfPage":{"@id":"https:\/\/devnuovatp.tlco.info\/fr\/certification\/#primaryimage"},"image":{"@id":"https:\/\/devnuovatp.tlco.info\/fr\/certification\/#primaryimage"},"thumbnailUrl":"\/public\/uploads\/bg-certifications.jpg","datePublished":"2017-11-14T09:18:31+00:00","dateModified":"2022-04-06T08:28:21+00:00","description":"Il nostro impegno \u00e8 legato alla soddisfazione del Cliente, migliorando gli standard qualitativi anche grazie alle certificazioni AEO, ISO, IATA.","breadcrumb":{"@id":"https:\/\/devnuovatp.tlco.info\/fr\/certification\/#breadcrumb"},"inLanguage":"fr-FR","potentialAction":[{"@type":"ReadAction","target":["https:\/\/devnuovatp.tlco.info\/fr\/certification\/"]}]},{"@type":"ImageObject","inLanguage":"fr-FR","@id":"https:\/\/devnuovatp.tlco.info\/fr\/certification\/#primaryimage","url":"\/public\/uploads\/bg-certifications.jpg","contentUrl":"\/public\/uploads\/bg-certifications.jpg","width":2000,"height":678,"caption":"Nuova Transports | Certifications"},{"@type":"BreadcrumbList","@id":"https:\/\/devnuovatp.tlco.info\/fr\/certification\/#breadcrumb","itemListElement":[{"@type":"ListItem","position":1,"name":"Home","item":"https:\/\/devnuovatp.tlco.info\/fr\/"},{"@type":"ListItem","position":2,"name":"Certification"}]},{"@type":"WebSite","@id":"https:\/\/devnuovatp.tlco.info\/#website","url":"https:\/\/devnuovatp.tlco.info\/","name":"Nuova Transports","description":"Trasporti Internazionali","potentialAction":[{"@type":"SearchAction","target":{"@type":"EntryPoint","urlTemplate":"https:\/\/devnuovatp.tlco.info\/?s={search_term_string}"},"query-input":{"@type":"PropertyValueSpecification","valueRequired":true,"valueName":"search_term_string"}}],"inLanguage":"fr-FR"}]}},"_links":{"self":[{"href":"https:\/\/www.nuovatransports.eu\/fr\/wp-json\/wp\/v2\/pages\/413"}],"collection":[{"href":"https:\/\/www.nuovatransports.eu\/fr\/wp-json\/wp\/v2\/pages"}],"about":[{"href":"https:\/\/www.nuovatransports.eu\/fr\/wp-json\/wp\/v2\/types\/page"}],"author":[{"embeddable":true,"href":"https:\/\/www.nuovatransports.eu\/fr\/wp-json\/wp\/v2\/users\/1"}],"replies":[{"embeddable":true,"href":"https:\/\/www.nuovatransports.eu\/fr\/wp-json\/wp\/v2\/comments?post=413"}],"version-history":[{"count":35,"href":"https:\/\/www.nuovatransports.eu\/fr\/wp-json\/wp\/v2\/pages\/413\/revisions"}],"predecessor-version":[{"id":1504,"href":"https:\/\/www.nuovatransports.eu\/fr\/wp-json\/wp\/v2\/pages\/413\/revisions\/1504"}],"wp:featuredmedia":[{"embeddable":true,"href":"https:\/\/www.nuovatransports.eu\/fr\/wp-json\/wp\/v2\/media\/1727"}],"wp:attachment":[{"href":"https:\/\/www.nuovatransports.eu\/fr\/wp-json\/wp\/v2\/media?parent=413"}],"curies":[{"name":"wp","href":"https:\/\/api.w.org\/{rel}","templated":true}]}}