{"id":417,"date":"2017-11-13T16:02:34","date_gmt":"2017-11-13T15:02:34","guid":{"rendered":"http:\/\/www.nuovatransports.eu\/chi-siamo\/"},"modified":"2018-01-25T12:00:54","modified_gmt":"2018-01-25T11:00:54","slug":"qui-sommes-nous","status":"publish","type":"page","link":"https:\/\/www.nuovatransports.eu\/fr\/qui-sommes-nous\/","title":{"rendered":"Qui Sommes Nous"},"content":{"rendered":"<div class=\"wpb-content-wrapper\"><p>[vc_row][vc_column][vc_column_text]<\/p>\n<p class=\"p1\">NUOVA TRANSPORTS SPA pr\u00e8sente depuis plus de vingt cinq ans dans le secteur du transport s&rsquo;est positionn\u00e9e parmis les principales soci\u00e9t\u00e9s du secteur en se distinguant par son professionnalisme et son efficacit\u00e9 .<\/p>\n<p>[\/vc_column_text][vc_column_text]<\/p>\n<p class=\"p1\">NUOVA TRANSPORTS SPA a d\u00e9sormais consolid\u00e9 un r\u00e9seau de plus de 50 partenaires qui lui permet de proposer \u00e0 sa client\u00e8le un service terrestre capillaire \u00e0 destination des<span class=\"Apple-converted-space\">\u00a0 <\/span>principales nations europ\u00e9\u00e8nnes et un service maritime et a\u00e9rien personnalis\u00e9 pour les march\u00e9s plus lointains.<\/p>\n<p>[\/vc_column_text][vc_column_text]<\/p>\n<p class=\"p1\">NUOVA TRANSPORTS SPA a l&rsquo;ambition de se situer dans le groupe des principaux acteurs dans un domaine important du secteur du transport, le groupage. Le niveau de qualit\u00e9, l&rsquo; engagement et l&rsquo;am\u00e9lioration constante des services ont permis une croissance sensible en terme de chiffre d&rsquo;affaire et volumes trait\u00e9s.<\/p>\n<p>[\/vc_column_text][vc_column_text]<\/p>\n<p class=\"p1\">NUOVA TRANSPORTS SPA veut poursuivre cet objectif sans perdre de vue la<span class=\"Apple-converted-space\">\u00a0 <\/span>satisfaction de sa client\u00e8le et des partenaires \u00e9trangers avec lesquels elle collabore; pour atteindre ces objectifs elle met en oeuvre une recherche attentive de fournisseurs performants et ses propres collaborateurs<span class=\"Apple-converted-space\">\u00a0 <\/span>re\u00e7oivent une formation qui met en valeur leurs ambitions professionnelle et priv\u00e9e<\/p>\n<p>[\/vc_column_text][\/vc_column][\/vc_row]<\/p>\n<\/div>","protected":false},"excerpt":{"rendered":"<p>[vc_row][vc_column][vc_column_text] NUOVA TRANSPORTS SPA pr\u00e8sente depuis plus de vingt cinq ans dans le secteur du transport s&rsquo;est positionn\u00e9e parmis les principales soci\u00e9t\u00e9s du secteur en se distinguant par son professionnalisme et son efficacit\u00e9 . [\/vc_column_text][vc_column_text] NUOVA TRANSPORTS SPA a d\u00e9sormais consolid\u00e9 un r\u00e9seau de plus de 50 partenaires qui lui permet de proposer \u00e0 sa [&hellip;]<\/p>\n","protected":false},"author":1,"featured_media":582,"parent":0,"menu_order":0,"comment_status":"closed","ping_status":"closed","template":"","meta":{"_acf_changed":false,"footnotes":""},"class_list":["post-417","page","type-page","status-publish","has-post-thumbnail","hentry"],"acf":[],"yoast_head":"<!-- This site is optimized with the Yoast SEO plugin v23.9 - https:\/\/yoast.com\/wordpress\/plugins\/seo\/ -->\n<title>Trasporto Merci | Nuova Transports<\/title>\n<meta name=\"description\" content=\"L&#039;Azienda nasce nel 1991 per iniziativa di un gruppo di professionisti specializzati nel settore del trasporto merci.\" \/>\n<meta name=\"robots\" content=\"index, follow, max-snippet:-1, max-image-preview:large, max-video-preview:-1\" \/>\n<link rel=\"canonical\" href=\"https:\/\/devnuovatp.tlco.info\/fr\/qui-sommes-nous\/\" \/>\n<meta property=\"og:locale\" content=\"fr_FR\" \/>\n<meta property=\"og:type\" content=\"article\" \/>\n<meta property=\"og:title\" content=\"Trasporto Merci | Nuova Transports\" \/>\n<meta property=\"og:description\" content=\"L&#039;Azienda nasce nel 1991 per iniziativa di un gruppo di professionisti specializzati nel settore del trasporto merci.\" \/>\n<meta property=\"og:url\" content=\"https:\/\/devnuovatp.tlco.info\/fr\/qui-sommes-nous\/\" \/>\n<meta property=\"og:site_name\" content=\"Nuova Transports\" \/>\n<meta property=\"article:modified_time\" content=\"2018-01-25T11:00:54+00:00\" \/>\n<meta property=\"og:image\" content=\"https:\/\/www.nuovatransports.eu\/public\/uploads\/bg-about.jpg\" \/>\n\t<meta property=\"og:image:width\" content=\"2000\" \/>\n\t<meta property=\"og:image:height\" content=\"678\" \/>\n\t<meta property=\"og:image:type\" content=\"image\/jpeg\" \/>\n<meta name=\"twitter:card\" content=\"summary_large_image\" \/>\n<meta name=\"twitter:label1\" content=\"Dur\u00e9e de lecture estim\u00e9e\" \/>\n\t<meta name=\"twitter:data1\" content=\"1 minute\" \/>\n<script type=\"application\/ld+json\" class=\"yoast-schema-graph\">{\"@context\":\"https:\/\/schema.org\",\"@graph\":[{\"@type\":\"WebPage\",\"@id\":\"https:\/\/devnuovatp.tlco.info\/fr\/qui-sommes-nous\/\",\"url\":\"https:\/\/devnuovatp.tlco.info\/fr\/qui-sommes-nous\/\",\"name\":\"Trasporto Merci | Nuova Transports\",\"isPartOf\":{\"@id\":\"https:\/\/devnuovatp.tlco.info\/#website\"},\"primaryImageOfPage\":{\"@id\":\"https:\/\/devnuovatp.tlco.info\/fr\/qui-sommes-nous\/#primaryimage\"},\"image\":{\"@id\":\"https:\/\/devnuovatp.tlco.info\/fr\/qui-sommes-nous\/#primaryimage\"},\"thumbnailUrl\":\"\/public\/uploads\/bg-about.jpg\",\"datePublished\":\"2017-11-13T15:02:34+00:00\",\"dateModified\":\"2018-01-25T11:00:54+00:00\",\"description\":\"L'Azienda nasce nel 1991 per iniziativa di un gruppo di professionisti specializzati nel settore del trasporto merci.\",\"breadcrumb\":{\"@id\":\"https:\/\/devnuovatp.tlco.info\/fr\/qui-sommes-nous\/#breadcrumb\"},\"inLanguage\":\"fr-FR\",\"potentialAction\":[{\"@type\":\"ReadAction\",\"target\":[\"https:\/\/devnuovatp.tlco.info\/fr\/qui-sommes-nous\/\"]}]},{\"@type\":\"ImageObject\",\"inLanguage\":\"fr-FR\",\"@id\":\"https:\/\/devnuovatp.tlco.info\/fr\/qui-sommes-nous\/#primaryimage\",\"url\":\"\/public\/uploads\/bg-about.jpg\",\"contentUrl\":\"\/public\/uploads\/bg-about.jpg\",\"width\":2000,\"height\":678,\"caption\":\"Nuova Transports | About\"},{\"@type\":\"BreadcrumbList\",\"@id\":\"https:\/\/devnuovatp.tlco.info\/fr\/qui-sommes-nous\/#breadcrumb\",\"itemListElement\":[{\"@type\":\"ListItem\",\"position\":1,\"name\":\"Home\",\"item\":\"https:\/\/devnuovatp.tlco.info\/fr\/\"},{\"@type\":\"ListItem\",\"position\":2,\"name\":\"Qui Sommes Nous\"}]},{\"@type\":\"WebSite\",\"@id\":\"https:\/\/devnuovatp.tlco.info\/#website\",\"url\":\"https:\/\/devnuovatp.tlco.info\/\",\"name\":\"Nuova Transports\",\"description\":\"Trasporti Internazionali\",\"potentialAction\":[{\"@type\":\"SearchAction\",\"target\":{\"@type\":\"EntryPoint\",\"urlTemplate\":\"https:\/\/devnuovatp.tlco.info\/?s={search_term_string}\"},\"query-input\":{\"@type\":\"PropertyValueSpecification\",\"valueRequired\":true,\"valueName\":\"search_term_string\"}}],\"inLanguage\":\"fr-FR\"}]}<\/script>\n<!-- \/ Yoast SEO plugin. -->","yoast_head_json":{"title":"Trasporto Merci | Nuova Transports","description":"L'Azienda nasce nel 1991 per iniziativa di un gruppo di professionisti specializzati nel settore del trasporto merci.","robots":{"index":"index","follow":"follow","max-snippet":"max-snippet:-1","max-image-preview":"max-image-preview:large","max-video-preview":"max-video-preview:-1"},"canonical":"https:\/\/devnuovatp.tlco.info\/fr\/qui-sommes-nous\/","og_locale":"fr_FR","og_type":"article","og_title":"Trasporto Merci | Nuova Transports","og_description":"L'Azienda nasce nel 1991 per iniziativa di un gruppo di professionisti specializzati nel settore del trasporto merci.","og_url":"https:\/\/devnuovatp.tlco.info\/fr\/qui-sommes-nous\/","og_site_name":"Nuova Transports","article_modified_time":"2018-01-25T11:00:54+00:00","og_image":[{"width":2000,"height":678,"url":"https:\/\/www.nuovatransports.eu\/public\/uploads\/bg-about.jpg","type":"image\/jpeg"}],"twitter_card":"summary_large_image","twitter_misc":{"Dur\u00e9e de lecture estim\u00e9e":"1 minute"},"schema":{"@context":"https:\/\/schema.org","@graph":[{"@type":"WebPage","@id":"https:\/\/devnuovatp.tlco.info\/fr\/qui-sommes-nous\/","url":"https:\/\/devnuovatp.tlco.info\/fr\/qui-sommes-nous\/","name":"Trasporto Merci | Nuova Transports","isPartOf":{"@id":"https:\/\/devnuovatp.tlco.info\/#website"},"primaryImageOfPage":{"@id":"https:\/\/devnuovatp.tlco.info\/fr\/qui-sommes-nous\/#primaryimage"},"image":{"@id":"https:\/\/devnuovatp.tlco.info\/fr\/qui-sommes-nous\/#primaryimage"},"thumbnailUrl":"\/public\/uploads\/bg-about.jpg","datePublished":"2017-11-13T15:02:34+00:00","dateModified":"2018-01-25T11:00:54+00:00","description":"L'Azienda nasce nel 1991 per iniziativa di un gruppo di professionisti specializzati nel settore del trasporto merci.","breadcrumb":{"@id":"https:\/\/devnuovatp.tlco.info\/fr\/qui-sommes-nous\/#breadcrumb"},"inLanguage":"fr-FR","potentialAction":[{"@type":"ReadAction","target":["https:\/\/devnuovatp.tlco.info\/fr\/qui-sommes-nous\/"]}]},{"@type":"ImageObject","inLanguage":"fr-FR","@id":"https:\/\/devnuovatp.tlco.info\/fr\/qui-sommes-nous\/#primaryimage","url":"\/public\/uploads\/bg-about.jpg","contentUrl":"\/public\/uploads\/bg-about.jpg","width":2000,"height":678,"caption":"Nuova Transports | About"},{"@type":"BreadcrumbList","@id":"https:\/\/devnuovatp.tlco.info\/fr\/qui-sommes-nous\/#breadcrumb","itemListElement":[{"@type":"ListItem","position":1,"name":"Home","item":"https:\/\/devnuovatp.tlco.info\/fr\/"},{"@type":"ListItem","position":2,"name":"Qui Sommes Nous"}]},{"@type":"WebSite","@id":"https:\/\/devnuovatp.tlco.info\/#website","url":"https:\/\/devnuovatp.tlco.info\/","name":"Nuova Transports","description":"Trasporti Internazionali","potentialAction":[{"@type":"SearchAction","target":{"@type":"EntryPoint","urlTemplate":"https:\/\/devnuovatp.tlco.info\/?s={search_term_string}"},"query-input":{"@type":"PropertyValueSpecification","valueRequired":true,"valueName":"search_term_string"}}],"inLanguage":"fr-FR"}]}},"_links":{"self":[{"href":"https:\/\/www.nuovatransports.eu\/fr\/wp-json\/wp\/v2\/pages\/417"}],"collection":[{"href":"https:\/\/www.nuovatransports.eu\/fr\/wp-json\/wp\/v2\/pages"}],"about":[{"href":"https:\/\/www.nuovatransports.eu\/fr\/wp-json\/wp\/v2\/types\/page"}],"author":[{"embeddable":true,"href":"https:\/\/www.nuovatransports.eu\/fr\/wp-json\/wp\/v2\/users\/1"}],"replies":[{"embeddable":true,"href":"https:\/\/www.nuovatransports.eu\/fr\/wp-json\/wp\/v2\/comments?post=417"}],"version-history":[{"count":2,"href":"https:\/\/www.nuovatransports.eu\/fr\/wp-json\/wp\/v2\/pages\/417\/revisions"}],"predecessor-version":[{"id":470,"href":"https:\/\/www.nuovatransports.eu\/fr\/wp-json\/wp\/v2\/pages\/417\/revisions\/470"}],"wp:featuredmedia":[{"embeddable":true,"href":"https:\/\/www.nuovatransports.eu\/fr\/wp-json\/wp\/v2\/media\/582"}],"wp:attachment":[{"href":"https:\/\/www.nuovatransports.eu\/fr\/wp-json\/wp\/v2\/media?parent=417"}],"curies":[{"name":"wp","href":"https:\/\/api.w.org\/{rel}","templated":true}]}}