{"id":420,"date":"2017-11-15T15:58:30","date_gmt":"2017-11-15T14:58:30","guid":{"rendered":"http:\/\/www.nuovatransports.eu\/dove-siamo\/"},"modified":"2021-07-13T14:29:08","modified_gmt":"2021-07-13T12:29:08","slug":"ou-sommes-nous","status":"publish","type":"page","link":"https:\/\/www.nuovatransports.eu\/fr\/ou-sommes-nous\/","title":{"rendered":"Ou&rsquo; Sommes Nous"},"content":{"rendered":"<div class=\"wpb-content-wrapper\"><p>[vc_row][vc_column][vc_column_text]<\/p>\n<p class=\"p1\">Le si\u00e8ge social et d&rsquo;exploitation de Nuova Transports Spa est situ\u00e9\u00a0Via Cristoforo Colombo, 24\u00a0 Melzo, code postal \u00a020066 dans la province de Milano<\/p>\n<p class=\"p1\">Si vous le souhaitez, ins\u00e9rer la localit\u00e9 ci dessous pour calculer et visualiser l&rsquo;itin\u00e9raire.<\/p>\n<p>[\/vc_column_text][vc_row_inner][vc_column_inner width=\u00a0\u00bb1\/3&Prime;][vc_column_text]<strong>NUOVA TRANSPORTS SPA<\/strong><\/p>\n<p class=\"p1\"><b><i>Si\u00e8ge:<\/i><\/b><\/p>\n<p>Via Cristoforo Colombo, 24 &#8211; 20066 Melzo (MI)<\/p>\n<p>Tel. +39 03962805.1<\/p>\n<p><a>info@gruppont.com<\/a>[\/vc_column_text][\/vc_column_inner][vc_column_inner width=\u00a0\u00bb1\/3&Prime;][\/vc_column_inner][vc_column_inner width=\u00a0\u00bb1\/3&Prime;][\/vc_column_inner][\/vc_row_inner][\/vc_column][\/vc_row][vc_row full_width=\u00a0\u00bbstretch_row_content\u00a0\u00bb][vc_column][vc_gmaps link=\u00a0\u00bb#E-8_JTNDaWZyYW1lJTIwc3JjJTNEJTIyaHR0cHMlM0ElMkYlMkZ3d3cuZ29vZ2xlLmNvbSUyRm1hcHMlMkZlbWJlZCUzRnBiJTNEJTIxMW0xOCUyMTFtMTIlMjExbTMlMjExZDI3OTYuNzgyMTYzMjM0ODgzMiUyMTJkOS40MDY2NTYxMTU3ODQ0NjUlMjEzZDQ1LjQ5NDMzMTIzOTQ1Mjk2JTIxMm0zJTIxMWYwJTIxMmYwJTIxM2YwJTIxM20yJTIxMWkxMDI0JTIxMmk3NjglMjE0ZjEzLjElMjEzbTMlMjExbTIlMjExczB4NDc4NmNhNDE3YTBhMzU1MSUyNTNBMHg4Yzg0YzdiMzJiMzk2YTFiJTIxMnNWaWElMjUyMENyaXN0b2Zvcm8lMjUyMENvbG9tYm8lMjUyQyUyNTIwMjQlMjUyQyUyNTIwMjAwNjYlMjUyME1lbHpvJTI1MjBNSSUyMTVlMCUyMTNtMiUyMTFzaXQlMjEyc2l0JTIxNHYxNjI2MTc3ODgyNDc3JTIxNW0yJTIxMXNpdCUyMTJzaXQlMjIlMjB3aWR0aCUzRCUyMjYwMCUyMiUyMGhlaWdodCUzRCUyMjQ1MCUyMiUyMHN0eWxlJTNEJTIyYm9yZGVyJTNBMCUzQiUyMiUyMGFsbG93ZnVsbHNjcmVlbiUzRCUyMiUyMiUyMGxvYWRpbmclM0QlMjJsYXp5JTIyJTNFJTNDJTJGaWZyYW1lJTNF\u00a0\u00bb][\/vc_column][\/vc_row]<\/p>\n<\/div>","protected":false},"excerpt":{"rendered":"<p>[vc_row][vc_column][vc_column_text] Le si\u00e8ge social et d&rsquo;exploitation de Nuova Transports Spa est situ\u00e9\u00a0Via Cristoforo Colombo, 24\u00a0 Melzo, code postal \u00a020066 dans la province de Milano Si vous le souhaitez, ins\u00e9rer la localit\u00e9 ci dessous pour calculer et visualiser l&rsquo;itin\u00e9raire. [\/vc_column_text][vc_row_inner][vc_column_inner width=\u00a0\u00bb1\/3&Prime;][vc_column_text]NUOVA TRANSPORTS SPA Si\u00e8ge: Via Cristoforo Colombo, 24 &#8211; 20066 Melzo (MI) Tel. +39 03962805.1 info@gruppont.com[\/vc_column_text][\/vc_column_inner][vc_column_inner [&hellip;]<\/p>\n","protected":false},"author":1,"featured_media":1703,"parent":0,"menu_order":0,"comment_status":"closed","ping_status":"closed","template":"","meta":{"_acf_changed":false,"footnotes":""},"class_list":["post-420","page","type-page","status-publish","has-post-thumbnail","hentry"],"acf":[],"yoast_head":"<!-- This site is optimized with the Yoast SEO plugin v23.9 - https:\/\/yoast.com\/wordpress\/plugins\/seo\/ -->\n<title>Trasporti Eccezionali | Nuova Transports<\/title>\n<meta name=\"description\" content=\"Abbiamo un reparto specializzato per i trasporti eccezionali per gestire carichi voluminosi e di peso elevato.\" \/>\n<meta name=\"robots\" content=\"index, follow, max-snippet:-1, max-image-preview:large, max-video-preview:-1\" \/>\n<link rel=\"canonical\" href=\"https:\/\/devnuovatp.tlco.info\/fr\/ou-sommes-nous\/\" \/>\n<meta property=\"og:locale\" content=\"fr_FR\" \/>\n<meta property=\"og:type\" content=\"article\" \/>\n<meta property=\"og:title\" content=\"Trasporti Eccezionali | Nuova Transports\" \/>\n<meta property=\"og:description\" content=\"Abbiamo un reparto specializzato per i trasporti eccezionali per gestire carichi voluminosi e di peso elevato.\" \/>\n<meta property=\"og:url\" content=\"https:\/\/devnuovatp.tlco.info\/fr\/ou-sommes-nous\/\" \/>\n<meta property=\"og:site_name\" content=\"Nuova Transports\" \/>\n<meta property=\"article:modified_time\" content=\"2021-07-13T12:29:08+00:00\" \/>\n<meta property=\"og:image\" content=\"https:\/\/www.nuovatransports.eu\/public\/uploads\/DOVE-SIAMO-banner-700x265.jpg\" \/>\n\t<meta property=\"og:image:width\" content=\"700\" \/>\n\t<meta property=\"og:image:height\" content=\"265\" \/>\n\t<meta property=\"og:image:type\" content=\"image\/jpeg\" \/>\n<meta name=\"twitter:card\" content=\"summary_large_image\" \/>\n<meta name=\"twitter:label1\" content=\"Dur\u00e9e de lecture estim\u00e9e\" \/>\n\t<meta name=\"twitter:data1\" content=\"1 minute\" \/>\n<script type=\"application\/ld+json\" class=\"yoast-schema-graph\">{\"@context\":\"https:\/\/schema.org\",\"@graph\":[{\"@type\":\"WebPage\",\"@id\":\"https:\/\/devnuovatp.tlco.info\/fr\/ou-sommes-nous\/\",\"url\":\"https:\/\/devnuovatp.tlco.info\/fr\/ou-sommes-nous\/\",\"name\":\"Trasporti Eccezionali | Nuova Transports\",\"isPartOf\":{\"@id\":\"https:\/\/devnuovatp.tlco.info\/#website\"},\"primaryImageOfPage\":{\"@id\":\"https:\/\/devnuovatp.tlco.info\/fr\/ou-sommes-nous\/#primaryimage\"},\"image\":{\"@id\":\"https:\/\/devnuovatp.tlco.info\/fr\/ou-sommes-nous\/#primaryimage\"},\"thumbnailUrl\":\"\/public\/uploads\/DOVE-SIAMO-banner.jpg\",\"datePublished\":\"2017-11-15T14:58:30+00:00\",\"dateModified\":\"2021-07-13T12:29:08+00:00\",\"description\":\"Abbiamo un reparto specializzato per i trasporti eccezionali per gestire carichi voluminosi e di peso elevato.\",\"breadcrumb\":{\"@id\":\"https:\/\/devnuovatp.tlco.info\/fr\/ou-sommes-nous\/#breadcrumb\"},\"inLanguage\":\"fr-FR\",\"potentialAction\":[{\"@type\":\"ReadAction\",\"target\":[\"https:\/\/devnuovatp.tlco.info\/fr\/ou-sommes-nous\/\"]}]},{\"@type\":\"ImageObject\",\"inLanguage\":\"fr-FR\",\"@id\":\"https:\/\/devnuovatp.tlco.info\/fr\/ou-sommes-nous\/#primaryimage\",\"url\":\"\/public\/uploads\/DOVE-SIAMO-banner.jpg\",\"contentUrl\":\"\/public\/uploads\/DOVE-SIAMO-banner.jpg\",\"width\":4267,\"height\":1613},{\"@type\":\"BreadcrumbList\",\"@id\":\"https:\/\/devnuovatp.tlco.info\/fr\/ou-sommes-nous\/#breadcrumb\",\"itemListElement\":[{\"@type\":\"ListItem\",\"position\":1,\"name\":\"Home\",\"item\":\"https:\/\/devnuovatp.tlco.info\/fr\/\"},{\"@type\":\"ListItem\",\"position\":2,\"name\":\"Ou&rsquo; Sommes Nous\"}]},{\"@type\":\"WebSite\",\"@id\":\"https:\/\/devnuovatp.tlco.info\/#website\",\"url\":\"https:\/\/devnuovatp.tlco.info\/\",\"name\":\"Nuova Transports\",\"description\":\"Trasporti Internazionali\",\"potentialAction\":[{\"@type\":\"SearchAction\",\"target\":{\"@type\":\"EntryPoint\",\"urlTemplate\":\"https:\/\/devnuovatp.tlco.info\/?s={search_term_string}\"},\"query-input\":{\"@type\":\"PropertyValueSpecification\",\"valueRequired\":true,\"valueName\":\"search_term_string\"}}],\"inLanguage\":\"fr-FR\"}]}<\/script>\n<!-- \/ Yoast SEO plugin. -->","yoast_head_json":{"title":"Trasporti Eccezionali | Nuova Transports","description":"Abbiamo un reparto specializzato per i trasporti eccezionali per gestire carichi voluminosi e di peso elevato.","robots":{"index":"index","follow":"follow","max-snippet":"max-snippet:-1","max-image-preview":"max-image-preview:large","max-video-preview":"max-video-preview:-1"},"canonical":"https:\/\/devnuovatp.tlco.info\/fr\/ou-sommes-nous\/","og_locale":"fr_FR","og_type":"article","og_title":"Trasporti Eccezionali | Nuova Transports","og_description":"Abbiamo un reparto specializzato per i trasporti eccezionali per gestire carichi voluminosi e di peso elevato.","og_url":"https:\/\/devnuovatp.tlco.info\/fr\/ou-sommes-nous\/","og_site_name":"Nuova Transports","article_modified_time":"2021-07-13T12:29:08+00:00","og_image":[{"width":700,"height":265,"url":"https:\/\/www.nuovatransports.eu\/public\/uploads\/DOVE-SIAMO-banner-700x265.jpg","type":"image\/jpeg"}],"twitter_card":"summary_large_image","twitter_misc":{"Dur\u00e9e de lecture estim\u00e9e":"1 minute"},"schema":{"@context":"https:\/\/schema.org","@graph":[{"@type":"WebPage","@id":"https:\/\/devnuovatp.tlco.info\/fr\/ou-sommes-nous\/","url":"https:\/\/devnuovatp.tlco.info\/fr\/ou-sommes-nous\/","name":"Trasporti Eccezionali | Nuova Transports","isPartOf":{"@id":"https:\/\/devnuovatp.tlco.info\/#website"},"primaryImageOfPage":{"@id":"https:\/\/devnuovatp.tlco.info\/fr\/ou-sommes-nous\/#primaryimage"},"image":{"@id":"https:\/\/devnuovatp.tlco.info\/fr\/ou-sommes-nous\/#primaryimage"},"thumbnailUrl":"\/public\/uploads\/DOVE-SIAMO-banner.jpg","datePublished":"2017-11-15T14:58:30+00:00","dateModified":"2021-07-13T12:29:08+00:00","description":"Abbiamo un reparto specializzato per i trasporti eccezionali per gestire carichi voluminosi e di peso elevato.","breadcrumb":{"@id":"https:\/\/devnuovatp.tlco.info\/fr\/ou-sommes-nous\/#breadcrumb"},"inLanguage":"fr-FR","potentialAction":[{"@type":"ReadAction","target":["https:\/\/devnuovatp.tlco.info\/fr\/ou-sommes-nous\/"]}]},{"@type":"ImageObject","inLanguage":"fr-FR","@id":"https:\/\/devnuovatp.tlco.info\/fr\/ou-sommes-nous\/#primaryimage","url":"\/public\/uploads\/DOVE-SIAMO-banner.jpg","contentUrl":"\/public\/uploads\/DOVE-SIAMO-banner.jpg","width":4267,"height":1613},{"@type":"BreadcrumbList","@id":"https:\/\/devnuovatp.tlco.info\/fr\/ou-sommes-nous\/#breadcrumb","itemListElement":[{"@type":"ListItem","position":1,"name":"Home","item":"https:\/\/devnuovatp.tlco.info\/fr\/"},{"@type":"ListItem","position":2,"name":"Ou&rsquo; Sommes Nous"}]},{"@type":"WebSite","@id":"https:\/\/devnuovatp.tlco.info\/#website","url":"https:\/\/devnuovatp.tlco.info\/","name":"Nuova Transports","description":"Trasporti Internazionali","potentialAction":[{"@type":"SearchAction","target":{"@type":"EntryPoint","urlTemplate":"https:\/\/devnuovatp.tlco.info\/?s={search_term_string}"},"query-input":{"@type":"PropertyValueSpecification","valueRequired":true,"valueName":"search_term_string"}}],"inLanguage":"fr-FR"}]}},"_links":{"self":[{"href":"https:\/\/www.nuovatransports.eu\/fr\/wp-json\/wp\/v2\/pages\/420"}],"collection":[{"href":"https:\/\/www.nuovatransports.eu\/fr\/wp-json\/wp\/v2\/pages"}],"about":[{"href":"https:\/\/www.nuovatransports.eu\/fr\/wp-json\/wp\/v2\/types\/page"}],"author":[{"embeddable":true,"href":"https:\/\/www.nuovatransports.eu\/fr\/wp-json\/wp\/v2\/users\/1"}],"replies":[{"embeddable":true,"href":"https:\/\/www.nuovatransports.eu\/fr\/wp-json\/wp\/v2\/comments?post=420"}],"version-history":[{"count":6,"href":"https:\/\/www.nuovatransports.eu\/fr\/wp-json\/wp\/v2\/pages\/420\/revisions"}],"predecessor-version":[{"id":1433,"href":"https:\/\/www.nuovatransports.eu\/fr\/wp-json\/wp\/v2\/pages\/420\/revisions\/1433"}],"wp:featuredmedia":[{"embeddable":true,"href":"https:\/\/www.nuovatransports.eu\/fr\/wp-json\/wp\/v2\/media\/1703"}],"wp:attachment":[{"href":"https:\/\/www.nuovatransports.eu\/fr\/wp-json\/wp\/v2\/media?parent=420"}],"curies":[{"name":"wp","href":"https:\/\/api.w.org\/{rel}","templated":true}]}}