{"id":429,"date":"2017-11-14T09:32:19","date_gmt":"2017-11-14T08:32:19","guid":{"rendered":"http:\/\/www.nuovatransports.eu\/servizi-logistici\/"},"modified":"2018-01-25T12:01:24","modified_gmt":"2018-01-25T11:01:24","slug":"services-logistiques","status":"publish","type":"page","link":"https:\/\/www.nuovatransports.eu\/fr\/services-logistiques\/","title":{"rendered":"Services Logistiques"},"content":{"rendered":"<div class=\"wpb-content-wrapper\"><p>[vc_row][vc_column][vc_column_text]<\/p>\n<p class=\"p1\">Notre soci\u00e9t\u00e9 a la capacit\u00e9 de vous fournir un service complet en mati\u00e8re de logistique et distribution. Toutes les phases, de la commande \u00e0 la livraison \u00e0 destination, sont g\u00e9r\u00e9es pas \u00e0 pas par nos op\u00e9rateurs.<\/p>\n<p>[\/vc_column_text][\/vc_column][\/vc_row][vc_row el_class=\u00a0\u00bbservices\u00a0\u00bb][vc_column width=\u00a0\u00bb1\/4&Prime;][vc_column_text]<\/p>\n<h3 class=\"bg-primary text-white text-uppercase text-center\">S\u00e9curit\u00e9<\/h3>\n<p>[\/vc_column_text][\/vc_column][vc_column width=\u00a0\u00bb3\/4&Prime;][vc_column_text]<\/p>\n<p class=\"p1\">Notre entrep\u00f4t est dot\u00e9 des plus performants syst\u00e8mes d&rsquo;alarme anti-intrusion et de video surveillance permettant l&rsquo;intervention tr\u00e8s rapide des services de s\u00e9curit\u00e9.<\/p>\n<p>[\/vc_column_text][\/vc_column][\/vc_row][vc_row el_class=\u00a0\u00bbservices\u00a0\u00bb][vc_column width=\u00a0\u00bb1\/4&Prime;][vc_column_text]<\/p>\n<h3 class=\"bg-primary text-white text-uppercase text-center\">Cellules frigorifiques<\/h3>\n<p>[\/vc_column_text][\/vc_column][vc_column width=\u00a0\u00bb3\/4&Prime;][vc_column_text]<\/p>\n<p class=\"p1\">Nos cellules frigorifiques sont r\u00e9alis\u00e9es avec les techniques les plus modernes pour<span class=\"Apple-converted-space\">\u00a0 <\/span>maintenir les basses temp\u00e9ratures et le personnel d\u00e9volu est hautement sp\u00e9cialis\u00e9.<\/p>\n<p class=\"p2\">Les op\u00e9rations de chargement et d\u00e9chargement sont effectu\u00e9es avec les moyens<span class=\"Apple-converted-space\">\u00a0 <\/span>adapt\u00e9s.<br \/>\nToutes les cellules frigorifiques sont dot\u00e9es de dispositifs de s\u00e9curit\u00e9 qui signalent imm\u00e9diatement un risque de<span class=\"Apple-converted-space\">\u00a0 <\/span>d\u00e9passement des temp\u00e9ratures voulues.<\/p>\n<p>[\/vc_column_text][\/vc_column][\/vc_row]<\/p>\n<\/div>","protected":false},"excerpt":{"rendered":"<p>[vc_row][vc_column][vc_column_text] Notre soci\u00e9t\u00e9 a la capacit\u00e9 de vous fournir un service complet en mati\u00e8re de logistique et distribution. Toutes les phases, de la commande \u00e0 la livraison \u00e0 destination, sont g\u00e9r\u00e9es pas \u00e0 pas par nos op\u00e9rateurs. [\/vc_column_text][\/vc_column][\/vc_row][vc_row el_class=\u00a0\u00bbservices\u00a0\u00bb][vc_column width=\u00a0\u00bb1\/4&Prime;][vc_column_text] S\u00e9curit\u00e9 [\/vc_column_text][\/vc_column][vc_column width=\u00a0\u00bb3\/4&Prime;][vc_column_text] Notre entrep\u00f4t est dot\u00e9 des plus performants syst\u00e8mes d&rsquo;alarme anti-intrusion et de [&hellip;]<\/p>\n","protected":false},"author":1,"featured_media":587,"parent":0,"menu_order":0,"comment_status":"closed","ping_status":"closed","template":"","meta":{"_acf_changed":false,"footnotes":""},"class_list":["post-429","page","type-page","status-publish","has-post-thumbnail","hentry"],"acf":[],"yoast_head":"<!-- This site is optimized with the Yoast SEO plugin v23.9 - https:\/\/yoast.com\/wordpress\/plugins\/seo\/ -->\n<title>Logistica | Nuova Transports<\/title>\n<meta name=\"description\" content=\"Siamo in grado di fornire un servizio completo ai nostri clienti, sia per la logistica che per la distribuzione.\" \/>\n<meta name=\"robots\" content=\"index, follow, max-snippet:-1, max-image-preview:large, max-video-preview:-1\" \/>\n<link rel=\"canonical\" href=\"https:\/\/devnuovatp.tlco.info\/fr\/services-logistiques\/\" \/>\n<meta property=\"og:locale\" content=\"fr_FR\" \/>\n<meta property=\"og:type\" content=\"article\" \/>\n<meta property=\"og:title\" content=\"Logistica | Nuova Transports\" \/>\n<meta property=\"og:description\" content=\"Siamo in grado di fornire un servizio completo ai nostri clienti, sia per la logistica che per la distribuzione.\" \/>\n<meta property=\"og:url\" content=\"https:\/\/devnuovatp.tlco.info\/fr\/services-logistiques\/\" \/>\n<meta property=\"og:site_name\" content=\"Nuova Transports\" \/>\n<meta property=\"article:modified_time\" content=\"2018-01-25T11:01:24+00:00\" \/>\n<meta property=\"og:image\" content=\"https:\/\/www.nuovatransports.eu\/public\/uploads\/bg-logi.jpg\" \/>\n\t<meta property=\"og:image:width\" content=\"2000\" \/>\n\t<meta property=\"og:image:height\" content=\"678\" \/>\n\t<meta property=\"og:image:type\" content=\"image\/jpeg\" \/>\n<meta name=\"twitter:card\" content=\"summary_large_image\" \/>\n<meta name=\"twitter:label1\" content=\"Dur\u00e9e de lecture estim\u00e9e\" \/>\n\t<meta name=\"twitter:data1\" content=\"1 minute\" \/>\n<script type=\"application\/ld+json\" class=\"yoast-schema-graph\">{\"@context\":\"https:\/\/schema.org\",\"@graph\":[{\"@type\":\"WebPage\",\"@id\":\"https:\/\/devnuovatp.tlco.info\/fr\/services-logistiques\/\",\"url\":\"https:\/\/devnuovatp.tlco.info\/fr\/services-logistiques\/\",\"name\":\"Logistica | Nuova Transports\",\"isPartOf\":{\"@id\":\"https:\/\/devnuovatp.tlco.info\/#website\"},\"primaryImageOfPage\":{\"@id\":\"https:\/\/devnuovatp.tlco.info\/fr\/services-logistiques\/#primaryimage\"},\"image\":{\"@id\":\"https:\/\/devnuovatp.tlco.info\/fr\/services-logistiques\/#primaryimage\"},\"thumbnailUrl\":\"\/public\/uploads\/bg-logi.jpg\",\"datePublished\":\"2017-11-14T08:32:19+00:00\",\"dateModified\":\"2018-01-25T11:01:24+00:00\",\"description\":\"Siamo in grado di fornire un servizio completo ai nostri clienti, sia per la logistica che per la distribuzione.\",\"breadcrumb\":{\"@id\":\"https:\/\/devnuovatp.tlco.info\/fr\/services-logistiques\/#breadcrumb\"},\"inLanguage\":\"fr-FR\",\"potentialAction\":[{\"@type\":\"ReadAction\",\"target\":[\"https:\/\/devnuovatp.tlco.info\/fr\/services-logistiques\/\"]}]},{\"@type\":\"ImageObject\",\"inLanguage\":\"fr-FR\",\"@id\":\"https:\/\/devnuovatp.tlco.info\/fr\/services-logistiques\/#primaryimage\",\"url\":\"\/public\/uploads\/bg-logi.jpg\",\"contentUrl\":\"\/public\/uploads\/bg-logi.jpg\",\"width\":2000,\"height\":678,\"caption\":\"Nuova Transports | Logistic Services\"},{\"@type\":\"BreadcrumbList\",\"@id\":\"https:\/\/devnuovatp.tlco.info\/fr\/services-logistiques\/#breadcrumb\",\"itemListElement\":[{\"@type\":\"ListItem\",\"position\":1,\"name\":\"Home\",\"item\":\"https:\/\/devnuovatp.tlco.info\/fr\/\"},{\"@type\":\"ListItem\",\"position\":2,\"name\":\"Services Logistiques\"}]},{\"@type\":\"WebSite\",\"@id\":\"https:\/\/devnuovatp.tlco.info\/#website\",\"url\":\"https:\/\/devnuovatp.tlco.info\/\",\"name\":\"Nuova Transports\",\"description\":\"Trasporti Internazionali\",\"potentialAction\":[{\"@type\":\"SearchAction\",\"target\":{\"@type\":\"EntryPoint\",\"urlTemplate\":\"https:\/\/devnuovatp.tlco.info\/?s={search_term_string}\"},\"query-input\":{\"@type\":\"PropertyValueSpecification\",\"valueRequired\":true,\"valueName\":\"search_term_string\"}}],\"inLanguage\":\"fr-FR\"}]}<\/script>\n<!-- \/ Yoast SEO plugin. -->","yoast_head_json":{"title":"Logistica | Nuova Transports","description":"Siamo in grado di fornire un servizio completo ai nostri clienti, sia per la logistica che per la distribuzione.","robots":{"index":"index","follow":"follow","max-snippet":"max-snippet:-1","max-image-preview":"max-image-preview:large","max-video-preview":"max-video-preview:-1"},"canonical":"https:\/\/devnuovatp.tlco.info\/fr\/services-logistiques\/","og_locale":"fr_FR","og_type":"article","og_title":"Logistica | Nuova Transports","og_description":"Siamo in grado di fornire un servizio completo ai nostri clienti, sia per la logistica che per la distribuzione.","og_url":"https:\/\/devnuovatp.tlco.info\/fr\/services-logistiques\/","og_site_name":"Nuova Transports","article_modified_time":"2018-01-25T11:01:24+00:00","og_image":[{"width":2000,"height":678,"url":"https:\/\/www.nuovatransports.eu\/public\/uploads\/bg-logi.jpg","type":"image\/jpeg"}],"twitter_card":"summary_large_image","twitter_misc":{"Dur\u00e9e de lecture estim\u00e9e":"1 minute"},"schema":{"@context":"https:\/\/schema.org","@graph":[{"@type":"WebPage","@id":"https:\/\/devnuovatp.tlco.info\/fr\/services-logistiques\/","url":"https:\/\/devnuovatp.tlco.info\/fr\/services-logistiques\/","name":"Logistica | Nuova Transports","isPartOf":{"@id":"https:\/\/devnuovatp.tlco.info\/#website"},"primaryImageOfPage":{"@id":"https:\/\/devnuovatp.tlco.info\/fr\/services-logistiques\/#primaryimage"},"image":{"@id":"https:\/\/devnuovatp.tlco.info\/fr\/services-logistiques\/#primaryimage"},"thumbnailUrl":"\/public\/uploads\/bg-logi.jpg","datePublished":"2017-11-14T08:32:19+00:00","dateModified":"2018-01-25T11:01:24+00:00","description":"Siamo in grado di fornire un servizio completo ai nostri clienti, sia per la logistica che per la distribuzione.","breadcrumb":{"@id":"https:\/\/devnuovatp.tlco.info\/fr\/services-logistiques\/#breadcrumb"},"inLanguage":"fr-FR","potentialAction":[{"@type":"ReadAction","target":["https:\/\/devnuovatp.tlco.info\/fr\/services-logistiques\/"]}]},{"@type":"ImageObject","inLanguage":"fr-FR","@id":"https:\/\/devnuovatp.tlco.info\/fr\/services-logistiques\/#primaryimage","url":"\/public\/uploads\/bg-logi.jpg","contentUrl":"\/public\/uploads\/bg-logi.jpg","width":2000,"height":678,"caption":"Nuova Transports | Logistic Services"},{"@type":"BreadcrumbList","@id":"https:\/\/devnuovatp.tlco.info\/fr\/services-logistiques\/#breadcrumb","itemListElement":[{"@type":"ListItem","position":1,"name":"Home","item":"https:\/\/devnuovatp.tlco.info\/fr\/"},{"@type":"ListItem","position":2,"name":"Services Logistiques"}]},{"@type":"WebSite","@id":"https:\/\/devnuovatp.tlco.info\/#website","url":"https:\/\/devnuovatp.tlco.info\/","name":"Nuova Transports","description":"Trasporti Internazionali","potentialAction":[{"@type":"SearchAction","target":{"@type":"EntryPoint","urlTemplate":"https:\/\/devnuovatp.tlco.info\/?s={search_term_string}"},"query-input":{"@type":"PropertyValueSpecification","valueRequired":true,"valueName":"search_term_string"}}],"inLanguage":"fr-FR"}]}},"_links":{"self":[{"href":"https:\/\/www.nuovatransports.eu\/fr\/wp-json\/wp\/v2\/pages\/429"}],"collection":[{"href":"https:\/\/www.nuovatransports.eu\/fr\/wp-json\/wp\/v2\/pages"}],"about":[{"href":"https:\/\/www.nuovatransports.eu\/fr\/wp-json\/wp\/v2\/types\/page"}],"author":[{"embeddable":true,"href":"https:\/\/www.nuovatransports.eu\/fr\/wp-json\/wp\/v2\/users\/1"}],"replies":[{"embeddable":true,"href":"https:\/\/www.nuovatransports.eu\/fr\/wp-json\/wp\/v2\/comments?post=429"}],"version-history":[{"count":3,"href":"https:\/\/www.nuovatransports.eu\/fr\/wp-json\/wp\/v2\/pages\/429\/revisions"}],"predecessor-version":[{"id":476,"href":"https:\/\/www.nuovatransports.eu\/fr\/wp-json\/wp\/v2\/pages\/429\/revisions\/476"}],"wp:featuredmedia":[{"embeddable":true,"href":"https:\/\/www.nuovatransports.eu\/fr\/wp-json\/wp\/v2\/media\/587"}],"wp:attachment":[{"href":"https:\/\/www.nuovatransports.eu\/fr\/wp-json\/wp\/v2\/media?parent=429"}],"curies":[{"name":"wp","href":"https:\/\/api.w.org\/{rel}","templated":true}]}}