{"id":432,"date":"2017-11-13T16:10:48","date_gmt":"2017-11-13T15:10:48","guid":{"rendered":"http:\/\/www.nuovatransports.eu\/trasporto-mare-aereo\/"},"modified":"2018-01-30T10:04:33","modified_gmt":"2018-01-30T09:04:33","slug":"transport-maritime-et-aerien","status":"publish","type":"page","link":"https:\/\/www.nuovatransports.eu\/fr\/transport-maritime-et-aerien\/","title":{"rendered":"Transport Maritime et Aerien"},"content":{"rendered":"<div class=\"wpb-content-wrapper\"><p>[vc_row][vc_column][vc_column_text]<\/p>\n<p class=\"p1\">NUOVA TRANSPORTS SPA\u00a0 propose des services de transport a\u00e9rien fiables et s\u00e9curis\u00e9s pour desservir door to door les destinations plus lointaines.<\/p>\n<p class=\"p1\">Notre soci\u00e9t\u00e9 b\u00e9n\u00e9ficie de l&rsquo;agr\u00e9ment IATA, institution de r\u00e9f\u00e9rence dans le domaine a\u00e9rien, qui applique des controles tr\u00e8s stricts sur ses agents et les services offerts.<\/p>\n<p class=\"p1\">Cet agr\u00e9ment constitue le meilleur gage de s\u00e9rieux et de professionalisme en mati\u00e8re de fret a\u00e9rien.<\/p>\n<p>[\/vc_column_text][vc_column_text]<\/p>\n<p class=\"p1\">NUOVA TRANSPORTS SPA\u00a0est sp\u00e9cialis\u00e9e dans tous les types de transport maritime et vous propose les solutions les plus comp\u00e9titives dans un march\u00e9 concurrentiel<\/p>\n<p class=\"p1\">La flexibilit\u00e9 de l&rsquo;offre permet aux clients d&rsquo;\u00e9tudier les meilleures solutions dues aux accords avec les principaux op\u00e9rateurs maritimes en mesure de proposer un service door to door et port to port avec d\u00e9parts pluri hebdomadaires \u00e0 destination et en provenance des principaux ports mondiaux.<\/p>\n<p>[\/vc_column_text][\/vc_column][\/vc_row][vc_row full_width=\u00a0\u00bbstretch_row_content_no_spaces\u00a0\u00bb][vc_column][vc_column_text]<\/p>\n<p>&nbsp;<\/p>\n<p>[\/vc_column_text][vc_single_image image=\u00a0\u00bb899&Prime; img_size=\u00a0\u00bb1920 x 240&Prime; alignment=\u00a0\u00bbcenter\u00a0\u00bb][\/vc_column][\/vc_row]<\/p>\n<\/div>","protected":false},"excerpt":{"rendered":"<p>[vc_row][vc_column][vc_column_text] NUOVA TRANSPORTS SPA\u00a0 propose des services de transport a\u00e9rien fiables et s\u00e9curis\u00e9s pour desservir door to door les destinations plus lointaines. Notre soci\u00e9t\u00e9 b\u00e9n\u00e9ficie de l&rsquo;agr\u00e9ment IATA, institution de r\u00e9f\u00e9rence dans le domaine a\u00e9rien, qui applique des controles tr\u00e8s stricts sur ses agents et les services offerts. Cet agr\u00e9ment constitue le meilleur gage de [&hellip;]<\/p>\n","protected":false},"author":1,"featured_media":586,"parent":0,"menu_order":0,"comment_status":"closed","ping_status":"closed","template":"","meta":{"_acf_changed":false,"footnotes":""},"class_list":["post-432","page","type-page","status-publish","has-post-thumbnail","hentry"],"acf":[],"yoast_head":"<!-- This site is optimized with the Yoast SEO plugin v23.9 - https:\/\/yoast.com\/wordpress\/plugins\/seo\/ -->\n<title>Trasporto aereo e mare | Nuova Transports<\/title>\n<meta name=\"description\" content=\"Offriamo ai nostri clienti servizi di trasporto aereo e via mare garantendo velocit\u00e0 e sicurezza per raggiungere le destinazioni pi\u00f9 lontane.\" \/>\n<meta name=\"robots\" content=\"index, follow, max-snippet:-1, max-image-preview:large, max-video-preview:-1\" \/>\n<link rel=\"canonical\" href=\"https:\/\/devnuovatp.tlco.info\/fr\/transport-maritime-et-aerien\/\" \/>\n<meta property=\"og:locale\" content=\"fr_FR\" \/>\n<meta property=\"og:type\" content=\"article\" \/>\n<meta property=\"og:title\" content=\"Trasporto aereo e mare | Nuova Transports\" \/>\n<meta property=\"og:description\" content=\"Offriamo ai nostri clienti servizi di trasporto aereo e via mare garantendo velocit\u00e0 e sicurezza per raggiungere le destinazioni pi\u00f9 lontane.\" \/>\n<meta property=\"og:url\" content=\"https:\/\/devnuovatp.tlco.info\/fr\/transport-maritime-et-aerien\/\" \/>\n<meta property=\"og:site_name\" content=\"Nuova Transports\" \/>\n<meta property=\"article:modified_time\" content=\"2018-01-30T09:04:33+00:00\" \/>\n<meta property=\"og:image\" content=\"https:\/\/www.nuovatransports.eu\/public\/uploads\/bg-trasporto-mare-aereo.jpg\" \/>\n\t<meta property=\"og:image:width\" content=\"2000\" \/>\n\t<meta property=\"og:image:height\" content=\"678\" \/>\n\t<meta property=\"og:image:type\" content=\"image\/jpeg\" \/>\n<meta name=\"twitter:card\" content=\"summary_large_image\" \/>\n<meta name=\"twitter:label1\" content=\"Dur\u00e9e de lecture estim\u00e9e\" \/>\n\t<meta name=\"twitter:data1\" content=\"1 minute\" \/>\n<script type=\"application\/ld+json\" class=\"yoast-schema-graph\">{\"@context\":\"https:\/\/schema.org\",\"@graph\":[{\"@type\":\"WebPage\",\"@id\":\"https:\/\/devnuovatp.tlco.info\/fr\/transport-maritime-et-aerien\/\",\"url\":\"https:\/\/devnuovatp.tlco.info\/fr\/transport-maritime-et-aerien\/\",\"name\":\"Trasporto aereo e mare | Nuova Transports\",\"isPartOf\":{\"@id\":\"https:\/\/devnuovatp.tlco.info\/#website\"},\"primaryImageOfPage\":{\"@id\":\"https:\/\/devnuovatp.tlco.info\/fr\/transport-maritime-et-aerien\/#primaryimage\"},\"image\":{\"@id\":\"https:\/\/devnuovatp.tlco.info\/fr\/transport-maritime-et-aerien\/#primaryimage\"},\"thumbnailUrl\":\"\/public\/uploads\/bg-trasporto-mare-aereo.jpg\",\"datePublished\":\"2017-11-13T15:10:48+00:00\",\"dateModified\":\"2018-01-30T09:04:33+00:00\",\"description\":\"Offriamo ai nostri clienti servizi di trasporto aereo e via mare garantendo velocit\u00e0 e sicurezza per raggiungere le destinazioni pi\u00f9 lontane.\",\"breadcrumb\":{\"@id\":\"https:\/\/devnuovatp.tlco.info\/fr\/transport-maritime-et-aerien\/#breadcrumb\"},\"inLanguage\":\"fr-FR\",\"potentialAction\":[{\"@type\":\"ReadAction\",\"target\":[\"https:\/\/devnuovatp.tlco.info\/fr\/transport-maritime-et-aerien\/\"]}]},{\"@type\":\"ImageObject\",\"inLanguage\":\"fr-FR\",\"@id\":\"https:\/\/devnuovatp.tlco.info\/fr\/transport-maritime-et-aerien\/#primaryimage\",\"url\":\"\/public\/uploads\/bg-trasporto-mare-aereo.jpg\",\"contentUrl\":\"\/public\/uploads\/bg-trasporto-mare-aereo.jpg\",\"width\":2000,\"height\":678,\"caption\":\"Nuova Transports | Sea and air transport\"},{\"@type\":\"BreadcrumbList\",\"@id\":\"https:\/\/devnuovatp.tlco.info\/fr\/transport-maritime-et-aerien\/#breadcrumb\",\"itemListElement\":[{\"@type\":\"ListItem\",\"position\":1,\"name\":\"Home\",\"item\":\"https:\/\/devnuovatp.tlco.info\/fr\/\"},{\"@type\":\"ListItem\",\"position\":2,\"name\":\"Transport Maritime et Aerien\"}]},{\"@type\":\"WebSite\",\"@id\":\"https:\/\/devnuovatp.tlco.info\/#website\",\"url\":\"https:\/\/devnuovatp.tlco.info\/\",\"name\":\"Nuova Transports\",\"description\":\"Trasporti Internazionali\",\"potentialAction\":[{\"@type\":\"SearchAction\",\"target\":{\"@type\":\"EntryPoint\",\"urlTemplate\":\"https:\/\/devnuovatp.tlco.info\/?s={search_term_string}\"},\"query-input\":{\"@type\":\"PropertyValueSpecification\",\"valueRequired\":true,\"valueName\":\"search_term_string\"}}],\"inLanguage\":\"fr-FR\"}]}<\/script>\n<!-- \/ Yoast SEO plugin. -->","yoast_head_json":{"title":"Trasporto aereo e mare | Nuova Transports","description":"Offriamo ai nostri clienti servizi di trasporto aereo e via mare garantendo velocit\u00e0 e sicurezza per raggiungere le destinazioni pi\u00f9 lontane.","robots":{"index":"index","follow":"follow","max-snippet":"max-snippet:-1","max-image-preview":"max-image-preview:large","max-video-preview":"max-video-preview:-1"},"canonical":"https:\/\/devnuovatp.tlco.info\/fr\/transport-maritime-et-aerien\/","og_locale":"fr_FR","og_type":"article","og_title":"Trasporto aereo e mare | Nuova Transports","og_description":"Offriamo ai nostri clienti servizi di trasporto aereo e via mare garantendo velocit\u00e0 e sicurezza per raggiungere le destinazioni pi\u00f9 lontane.","og_url":"https:\/\/devnuovatp.tlco.info\/fr\/transport-maritime-et-aerien\/","og_site_name":"Nuova Transports","article_modified_time":"2018-01-30T09:04:33+00:00","og_image":[{"width":2000,"height":678,"url":"https:\/\/www.nuovatransports.eu\/public\/uploads\/bg-trasporto-mare-aereo.jpg","type":"image\/jpeg"}],"twitter_card":"summary_large_image","twitter_misc":{"Dur\u00e9e de lecture estim\u00e9e":"1 minute"},"schema":{"@context":"https:\/\/schema.org","@graph":[{"@type":"WebPage","@id":"https:\/\/devnuovatp.tlco.info\/fr\/transport-maritime-et-aerien\/","url":"https:\/\/devnuovatp.tlco.info\/fr\/transport-maritime-et-aerien\/","name":"Trasporto aereo e mare | Nuova Transports","isPartOf":{"@id":"https:\/\/devnuovatp.tlco.info\/#website"},"primaryImageOfPage":{"@id":"https:\/\/devnuovatp.tlco.info\/fr\/transport-maritime-et-aerien\/#primaryimage"},"image":{"@id":"https:\/\/devnuovatp.tlco.info\/fr\/transport-maritime-et-aerien\/#primaryimage"},"thumbnailUrl":"\/public\/uploads\/bg-trasporto-mare-aereo.jpg","datePublished":"2017-11-13T15:10:48+00:00","dateModified":"2018-01-30T09:04:33+00:00","description":"Offriamo ai nostri clienti servizi di trasporto aereo e via mare garantendo velocit\u00e0 e sicurezza per raggiungere le destinazioni pi\u00f9 lontane.","breadcrumb":{"@id":"https:\/\/devnuovatp.tlco.info\/fr\/transport-maritime-et-aerien\/#breadcrumb"},"inLanguage":"fr-FR","potentialAction":[{"@type":"ReadAction","target":["https:\/\/devnuovatp.tlco.info\/fr\/transport-maritime-et-aerien\/"]}]},{"@type":"ImageObject","inLanguage":"fr-FR","@id":"https:\/\/devnuovatp.tlco.info\/fr\/transport-maritime-et-aerien\/#primaryimage","url":"\/public\/uploads\/bg-trasporto-mare-aereo.jpg","contentUrl":"\/public\/uploads\/bg-trasporto-mare-aereo.jpg","width":2000,"height":678,"caption":"Nuova Transports | Sea and air transport"},{"@type":"BreadcrumbList","@id":"https:\/\/devnuovatp.tlco.info\/fr\/transport-maritime-et-aerien\/#breadcrumb","itemListElement":[{"@type":"ListItem","position":1,"name":"Home","item":"https:\/\/devnuovatp.tlco.info\/fr\/"},{"@type":"ListItem","position":2,"name":"Transport Maritime et Aerien"}]},{"@type":"WebSite","@id":"https:\/\/devnuovatp.tlco.info\/#website","url":"https:\/\/devnuovatp.tlco.info\/","name":"Nuova Transports","description":"Trasporti Internazionali","potentialAction":[{"@type":"SearchAction","target":{"@type":"EntryPoint","urlTemplate":"https:\/\/devnuovatp.tlco.info\/?s={search_term_string}"},"query-input":{"@type":"PropertyValueSpecification","valueRequired":true,"valueName":"search_term_string"}}],"inLanguage":"fr-FR"}]}},"_links":{"self":[{"href":"https:\/\/www.nuovatransports.eu\/fr\/wp-json\/wp\/v2\/pages\/432"}],"collection":[{"href":"https:\/\/www.nuovatransports.eu\/fr\/wp-json\/wp\/v2\/pages"}],"about":[{"href":"https:\/\/www.nuovatransports.eu\/fr\/wp-json\/wp\/v2\/types\/page"}],"author":[{"embeddable":true,"href":"https:\/\/www.nuovatransports.eu\/fr\/wp-json\/wp\/v2\/users\/1"}],"replies":[{"embeddable":true,"href":"https:\/\/www.nuovatransports.eu\/fr\/wp-json\/wp\/v2\/comments?post=432"}],"version-history":[{"count":4,"href":"https:\/\/www.nuovatransports.eu\/fr\/wp-json\/wp\/v2\/pages\/432\/revisions"}],"predecessor-version":[{"id":916,"href":"https:\/\/www.nuovatransports.eu\/fr\/wp-json\/wp\/v2\/pages\/432\/revisions\/916"}],"wp:featuredmedia":[{"embeddable":true,"href":"https:\/\/www.nuovatransports.eu\/fr\/wp-json\/wp\/v2\/media\/586"}],"wp:attachment":[{"href":"https:\/\/www.nuovatransports.eu\/fr\/wp-json\/wp\/v2\/media?parent=432"}],"curies":[{"name":"wp","href":"https:\/\/api.w.org\/{rel}","templated":true}]}}