{"id":438,"date":"2017-11-13T16:11:28","date_gmt":"2017-11-13T15:11:28","guid":{"rendered":"http:\/\/www.nuovatransports.eu\/trasporto-terra\/"},"modified":"2018-01-25T12:02:45","modified_gmt":"2018-01-25T11:02:45","slug":"transport-terrestre","status":"publish","type":"page","link":"https:\/\/www.nuovatransports.eu\/fr\/transport-terrestre\/","title":{"rendered":"Transport Terrestre"},"content":{"rendered":"<div class=\"wpb-content-wrapper\"><p>[vc_row][vc_column][vc_column_text]<\/p>\n<h2 class=\"text-uppercase text-primary title-int\">International<\/h2>\n<p class=\"p1\">Notre r\u00e9seau consolid\u00e9 de partenaires<span class=\"Apple-converted-space\">\u00a0 <\/span>nous permet d&rsquo;assurer un service groupage,<span class=\"Apple-converted-space\">\u00a0 <\/span>lots partiels et complet <i>door to door<\/i>, s\u00e9curis\u00e9 et adapt\u00e9 aux exigences de nos clients.<\/p>\n<p class=\"p1\">Nous vous proposons des d\u00e9parts quotidiens \u00e0 destination et en provenance des principales villes europ\u00e9ennes. Nous analysons vos besoins sp\u00e9cifiques selon les<span class=\"Apple-converted-space\">\u00a0 <\/span>march\u00e9s, le type de marchandise, les d\u00e9lais, le budget et nous mettons \u00e0 votre disposition notre savoir-faire.<\/p>\n<p>[\/vc_column_text][vc_column_text]<\/p>\n<h2 class=\"text-uppercase text-primary title-int\">National<\/h2>\n<p>La collaboration avec les principaux transporteurs nationaux<span class=\"Apple-converted-space\">\u00a0 <\/span>en contact \u00e9troit avec nos filiales (Pi\u00e9mont, Lombardie, Marches)<span class=\"Apple-converted-space\">\u00a0 <\/span>et l&rsquo;appartenance \u00e0 un circuit national disposant d&rsquo;une couverture totale du territoire permet \u00e0 notre soci\u00e9t\u00e9 de proposer une service d&rsquo;enl\u00e8vement et livraison quotidien qui r\u00e9duit aussi les d\u00e9lais d&rsquo;acheminement des flux internationaux de nos clients.[\/vc_column_text][\/vc_column][\/vc_row][vc_row el_class=\u00a0\u00bbservices\u00a0\u00bb][vc_column][vc_column_text]<\/p>\n<h2 class=\"text-uppercase text-primary title-int\">Services particuliers<\/h2>\n<p>[\/vc_column_text][\/vc_column][vc_column width=\u00a0\u00bb1\/4&Prime;][vc_column_text]<\/p>\n<h3 class=\"bg-primary text-white text-uppercase text-center\">Intermodale<\/h3>\n<p>[\/vc_column_text][\/vc_column][vc_column width=\u00a0\u00bb3\/4&Prime;][vc_column_text]<\/p>\n<p class=\"p1\">NUOVA TRANSPORTS SPA\u00a0 est en mesure de proposer des solutions combinants les diverses modalit\u00e9 de transports (terrestre-maritime, ferroviaire-routier) adapt\u00e9s \u00e0 votre secteur d&rsquo;activit\u00e9,<span class=\"Apple-converted-space\">\u00a0 <\/span>tout en garantissant ponctualit\u00e9 et qualit\u00e9 de service.<\/p>\n<p>[\/vc_column_text][\/vc_column][\/vc_row][vc_row el_class=\u00a0\u00bbservices\u00a0\u00bb][vc_column width=\u00a0\u00bb1\/4&Prime;][vc_column_text]<\/p>\n<h3 class=\"bg-primary text-white text-uppercase text-center\">Express<\/h3>\n<p>[\/vc_column_text][\/vc_column][vc_column width=\u00a0\u00bb3\/4&Prime;][vc_column_text]<\/p>\n<p class=\"p1\">Pour faire face aux besoins de transports particuli\u00e8rement urgents, nous garantissons un service express parfaitement maitris\u00e9 et efficace utilisant des v\u00e9hicules d\u00e9di\u00e9s adapt\u00e9 au transport de petits colis et de palettes<span class=\"Apple-converted-space\">\u00a0<\/span>plus lourdes.<\/p>\n<p class=\"p1\">Nous disposons en outre d&rsquo;un service <i>courrier <\/i>qui nous permet de g\u00e9rer les envois de l&rsquo;enveloppe \u00e0 la palette dans le monde entier avec des d\u00e9lais maitris\u00e9s et un suivi s\u00e9curis\u00e9 de la marchandise.<\/p>\n<p>[\/vc_column_text][\/vc_column][\/vc_row][vc_row el_class=\u00a0\u00bbservices\u00a0\u00bb][vc_column width=\u00a0\u00bb1\/4&Prime;][vc_column_text]<\/p>\n<h3 class=\"bg-primary text-white text-uppercase text-center\">Marchandise dangereuse<\/h3>\n<p>[\/vc_column_text][\/vc_column][vc_column width=\u00a0\u00bb3\/4&Prime;][vc_column_text]<\/p>\n<p class=\"p1\">Notre soci\u00e9t\u00e9 est sp\u00e9cialis\u00e9e dans le transport de marchandises classifi\u00e9es dangereuses selon la r\u00e8glementation ADR: huiles essentielles, mati\u00e8res solides et liquides inflammables, substances oxydantes, toxiques, corrosives, irritantes, p\u00e9roxydes organiques etc.<\/p>\n<p class=\"p2\">Notre personnel est continuellement mis \u00e0 jour sur les normes en vigueur au moyen de cours donn\u00e9s par les experts du secteur au sein de l&rsquo;entreprise.<\/p>\n<p class=\"p2\">Nos chauffeurs et ceux employ\u00e9s par nos partenaires poss\u00e8dent le certificat de formation professionnelle ADR obtenu sur examen apr\u00e8s avoir suivi un cours sp\u00e9cifique illustrant les diff\u00e8rents th\u00e8mes concernant le transport de marchandises dangereuses.<\/p>\n<p class=\"p2\">Cet examen doit etre renouvel\u00e9 tous les 2 ans et permet l&rsquo;obtention d&rsquo;un certificat habilitant au transport de toutes les classes de marchandises<span class=\"Apple-converted-space\">\u00a0 <\/span>dangereuses sauf les radioactifs (classe 7), explosifs (classe 1) les gaz(classe 2).<\/p>\n<p class=\"p2\">Les v\u00e9hicules utilis\u00e9s sont \u00e9quip\u00e9s selon les dispositions en vigueur en mati\u00e8re de marchandises dangereuses.<\/p>\n<p>[\/vc_column_text][\/vc_column][\/vc_row][vc_row el_class=\u00a0\u00bbservices\u00a0\u00bb][vc_column width=\u00a0\u00bb1\/4&Prime;][vc_column_text]<\/p>\n<h3 class=\"bg-primary text-white text-uppercase text-center\">Transports exceptionnels<\/h3>\n<p>[\/vc_column_text][\/vc_column][vc_column width=\u00a0\u00bb3\/4&Prime;][vc_column_text]<\/p>\n<p class=\"p1\">Un bureau sp\u00e9cialis\u00e9 est en mesure d&rsquo;organiser et de g\u00e9rer le transport de chargement hors gabarit et de poids \u00e9lev\u00e9.<\/p>\n<p class=\"p1\">Les domaines d&rsquo;activit\u00e9s concern\u00e9s sont le secteur des machines outils, turbines, silos&#8230;<\/p>\n<p>[\/vc_column_text][\/vc_column][\/vc_row]<\/p>\n<\/div>","protected":false},"excerpt":{"rendered":"<p>[vc_row][vc_column][vc_column_text] International Notre r\u00e9seau consolid\u00e9 de partenaires\u00a0 nous permet d&rsquo;assurer un service groupage,\u00a0 lots partiels et complet door to door, s\u00e9curis\u00e9 et adapt\u00e9 aux exigences de nos clients. Nous vous proposons des d\u00e9parts quotidiens \u00e0 destination et en provenance des principales villes europ\u00e9ennes. Nous analysons vos besoins sp\u00e9cifiques selon les\u00a0 march\u00e9s, le type de marchandise, [&hellip;]<\/p>\n","protected":false},"author":1,"featured_media":352,"parent":0,"menu_order":0,"comment_status":"closed","ping_status":"closed","template":"","meta":{"_acf_changed":false,"footnotes":""},"class_list":["post-438","page","type-page","status-publish","has-post-thumbnail","hentry"],"acf":[],"yoast_head":"<!-- This site is optimized with the Yoast SEO plugin v23.9 - https:\/\/yoast.com\/wordpress\/plugins\/seo\/ -->\n<title>Trasporto Terra con casse mobili | Nuova Transports<\/title>\n<meta name=\"description\" content=\"Offriamo un trasporto terra con casse mobili adatto ad ogni esigenza, i nostri clienti sono pienamente soddisfatti dei nostri servizi a 360\u00b0.\" \/>\n<meta name=\"robots\" content=\"index, follow, max-snippet:-1, max-image-preview:large, max-video-preview:-1\" \/>\n<link rel=\"canonical\" href=\"https:\/\/devnuovatp.tlco.info\/fr\/transport-terrestre\/\" \/>\n<meta property=\"og:locale\" content=\"fr_FR\" \/>\n<meta property=\"og:type\" content=\"article\" \/>\n<meta property=\"og:title\" content=\"Trasporto Terra con casse mobili | Nuova Transports\" \/>\n<meta property=\"og:description\" content=\"Offriamo un trasporto terra con casse mobili adatto ad ogni esigenza, i nostri clienti sono pienamente soddisfatti dei nostri servizi a 360\u00b0.\" \/>\n<meta property=\"og:url\" content=\"https:\/\/devnuovatp.tlco.info\/fr\/transport-terrestre\/\" \/>\n<meta property=\"og:site_name\" content=\"Nuova Transports\" \/>\n<meta property=\"article:modified_time\" content=\"2018-01-25T11:02:45+00:00\" \/>\n<meta property=\"og:image\" content=\"https:\/\/www.nuovatransports.eu\/public\/uploads\/slide-3-1-e1511514292427.jpg\" \/>\n\t<meta property=\"og:image:width\" content=\"2000\" \/>\n\t<meta property=\"og:image:height\" content=\"500\" \/>\n\t<meta property=\"og:image:type\" content=\"image\/jpeg\" \/>\n<meta name=\"twitter:card\" content=\"summary_large_image\" \/>\n<meta name=\"twitter:label1\" content=\"Dur\u00e9e de lecture estim\u00e9e\" \/>\n\t<meta name=\"twitter:data1\" content=\"3 minutes\" \/>\n<script type=\"application\/ld+json\" class=\"yoast-schema-graph\">{\"@context\":\"https:\/\/schema.org\",\"@graph\":[{\"@type\":\"WebPage\",\"@id\":\"https:\/\/devnuovatp.tlco.info\/fr\/transport-terrestre\/\",\"url\":\"https:\/\/devnuovatp.tlco.info\/fr\/transport-terrestre\/\",\"name\":\"Trasporto Terra con casse mobili | Nuova Transports\",\"isPartOf\":{\"@id\":\"https:\/\/devnuovatp.tlco.info\/#website\"},\"primaryImageOfPage\":{\"@id\":\"https:\/\/devnuovatp.tlco.info\/fr\/transport-terrestre\/#primaryimage\"},\"image\":{\"@id\":\"https:\/\/devnuovatp.tlco.info\/fr\/transport-terrestre\/#primaryimage\"},\"thumbnailUrl\":\"\/public\/uploads\/slide-3-1-e1511514292427.jpg\",\"datePublished\":\"2017-11-13T15:11:28+00:00\",\"dateModified\":\"2018-01-25T11:02:45+00:00\",\"description\":\"Offriamo un trasporto terra con casse mobili adatto ad ogni esigenza, i nostri clienti sono pienamente soddisfatti dei nostri servizi a 360\u00b0.\",\"breadcrumb\":{\"@id\":\"https:\/\/devnuovatp.tlco.info\/fr\/transport-terrestre\/#breadcrumb\"},\"inLanguage\":\"fr-FR\",\"potentialAction\":[{\"@type\":\"ReadAction\",\"target\":[\"https:\/\/devnuovatp.tlco.info\/fr\/transport-terrestre\/\"]}]},{\"@type\":\"ImageObject\",\"inLanguage\":\"fr-FR\",\"@id\":\"https:\/\/devnuovatp.tlco.info\/fr\/transport-terrestre\/#primaryimage\",\"url\":\"\/public\/uploads\/slide-3-1-e1511514292427.jpg\",\"contentUrl\":\"\/public\/uploads\/slide-3-1-e1511514292427.jpg\",\"width\":2000,\"height\":500},{\"@type\":\"BreadcrumbList\",\"@id\":\"https:\/\/devnuovatp.tlco.info\/fr\/transport-terrestre\/#breadcrumb\",\"itemListElement\":[{\"@type\":\"ListItem\",\"position\":1,\"name\":\"Home\",\"item\":\"https:\/\/devnuovatp.tlco.info\/fr\/\"},{\"@type\":\"ListItem\",\"position\":2,\"name\":\"Transport Terrestre\"}]},{\"@type\":\"WebSite\",\"@id\":\"https:\/\/devnuovatp.tlco.info\/#website\",\"url\":\"https:\/\/devnuovatp.tlco.info\/\",\"name\":\"Nuova Transports\",\"description\":\"Trasporti Internazionali\",\"potentialAction\":[{\"@type\":\"SearchAction\",\"target\":{\"@type\":\"EntryPoint\",\"urlTemplate\":\"https:\/\/devnuovatp.tlco.info\/?s={search_term_string}\"},\"query-input\":{\"@type\":\"PropertyValueSpecification\",\"valueRequired\":true,\"valueName\":\"search_term_string\"}}],\"inLanguage\":\"fr-FR\"}]}<\/script>\n<!-- \/ Yoast SEO plugin. -->","yoast_head_json":{"title":"Trasporto Terra con casse mobili | Nuova Transports","description":"Offriamo un trasporto terra con casse mobili adatto ad ogni esigenza, i nostri clienti sono pienamente soddisfatti dei nostri servizi a 360\u00b0.","robots":{"index":"index","follow":"follow","max-snippet":"max-snippet:-1","max-image-preview":"max-image-preview:large","max-video-preview":"max-video-preview:-1"},"canonical":"https:\/\/devnuovatp.tlco.info\/fr\/transport-terrestre\/","og_locale":"fr_FR","og_type":"article","og_title":"Trasporto Terra con casse mobili | Nuova Transports","og_description":"Offriamo un trasporto terra con casse mobili adatto ad ogni esigenza, i nostri clienti sono pienamente soddisfatti dei nostri servizi a 360\u00b0.","og_url":"https:\/\/devnuovatp.tlco.info\/fr\/transport-terrestre\/","og_site_name":"Nuova Transports","article_modified_time":"2018-01-25T11:02:45+00:00","og_image":[{"width":2000,"height":500,"url":"https:\/\/www.nuovatransports.eu\/public\/uploads\/slide-3-1-e1511514292427.jpg","type":"image\/jpeg"}],"twitter_card":"summary_large_image","twitter_misc":{"Dur\u00e9e de lecture estim\u00e9e":"3 minutes"},"schema":{"@context":"https:\/\/schema.org","@graph":[{"@type":"WebPage","@id":"https:\/\/devnuovatp.tlco.info\/fr\/transport-terrestre\/","url":"https:\/\/devnuovatp.tlco.info\/fr\/transport-terrestre\/","name":"Trasporto Terra con casse mobili | Nuova Transports","isPartOf":{"@id":"https:\/\/devnuovatp.tlco.info\/#website"},"primaryImageOfPage":{"@id":"https:\/\/devnuovatp.tlco.info\/fr\/transport-terrestre\/#primaryimage"},"image":{"@id":"https:\/\/devnuovatp.tlco.info\/fr\/transport-terrestre\/#primaryimage"},"thumbnailUrl":"\/public\/uploads\/slide-3-1-e1511514292427.jpg","datePublished":"2017-11-13T15:11:28+00:00","dateModified":"2018-01-25T11:02:45+00:00","description":"Offriamo un trasporto terra con casse mobili adatto ad ogni esigenza, i nostri clienti sono pienamente soddisfatti dei nostri servizi a 360\u00b0.","breadcrumb":{"@id":"https:\/\/devnuovatp.tlco.info\/fr\/transport-terrestre\/#breadcrumb"},"inLanguage":"fr-FR","potentialAction":[{"@type":"ReadAction","target":["https:\/\/devnuovatp.tlco.info\/fr\/transport-terrestre\/"]}]},{"@type":"ImageObject","inLanguage":"fr-FR","@id":"https:\/\/devnuovatp.tlco.info\/fr\/transport-terrestre\/#primaryimage","url":"\/public\/uploads\/slide-3-1-e1511514292427.jpg","contentUrl":"\/public\/uploads\/slide-3-1-e1511514292427.jpg","width":2000,"height":500},{"@type":"BreadcrumbList","@id":"https:\/\/devnuovatp.tlco.info\/fr\/transport-terrestre\/#breadcrumb","itemListElement":[{"@type":"ListItem","position":1,"name":"Home","item":"https:\/\/devnuovatp.tlco.info\/fr\/"},{"@type":"ListItem","position":2,"name":"Transport Terrestre"}]},{"@type":"WebSite","@id":"https:\/\/devnuovatp.tlco.info\/#website","url":"https:\/\/devnuovatp.tlco.info\/","name":"Nuova Transports","description":"Trasporti Internazionali","potentialAction":[{"@type":"SearchAction","target":{"@type":"EntryPoint","urlTemplate":"https:\/\/devnuovatp.tlco.info\/?s={search_term_string}"},"query-input":{"@type":"PropertyValueSpecification","valueRequired":true,"valueName":"search_term_string"}}],"inLanguage":"fr-FR"}]}},"_links":{"self":[{"href":"https:\/\/www.nuovatransports.eu\/fr\/wp-json\/wp\/v2\/pages\/438"}],"collection":[{"href":"https:\/\/www.nuovatransports.eu\/fr\/wp-json\/wp\/v2\/pages"}],"about":[{"href":"https:\/\/www.nuovatransports.eu\/fr\/wp-json\/wp\/v2\/types\/page"}],"author":[{"embeddable":true,"href":"https:\/\/www.nuovatransports.eu\/fr\/wp-json\/wp\/v2\/users\/1"}],"replies":[{"embeddable":true,"href":"https:\/\/www.nuovatransports.eu\/fr\/wp-json\/wp\/v2\/comments?post=438"}],"version-history":[{"count":4,"href":"https:\/\/www.nuovatransports.eu\/fr\/wp-json\/wp\/v2\/pages\/438\/revisions"}],"predecessor-version":[{"id":633,"href":"https:\/\/www.nuovatransports.eu\/fr\/wp-json\/wp\/v2\/pages\/438\/revisions\/633"}],"wp:featuredmedia":[{"embeddable":true,"href":"https:\/\/www.nuovatransports.eu\/fr\/wp-json\/wp\/v2\/media\/352"}],"wp:attachment":[{"href":"https:\/\/www.nuovatransports.eu\/fr\/wp-json\/wp\/v2\/media?parent=438"}],"curies":[{"name":"wp","href":"https:\/\/api.w.org\/{rel}","templated":true}]}}